
{"id":18127,"date":"2024-07-22T12:14:01","date_gmt":"2024-07-22T10:14:01","guid":{"rendered":"https:\/\/theroyalaffair.eu\/sl\/?page_id=18127"},"modified":"2025-07-29T10:26:09","modified_gmt":"2025-07-29T08:26:09","slug":"prodajna-mesta","status":"publish","type":"page","link":"https:\/\/theroyalaffair.eu\/sl\/prodajna-mesta\/","title":{"rendered":"Prodajna mesta"},"content":{"rendered":"\t\t<div data-elementor-type=\"wp-page\" data-elementor-id=\"18127\" class=\"elementor elementor-18127\" data-elementor-post-type=\"page\">\n\t\t\t\t\t\t<section class=\"elementor-section elementor-top-section elementor-element elementor-element-45573f5 elementor-section-content-middle elementor-section-full_width elementor-section-height-default elementor-section-height-default\" data-id=\"45573f5\" data-element_type=\"section\" data-e-type=\"section\" data-settings=\"{&quot;background_background&quot;:&quot;classic&quot;}\">\n\t\t\t\t\t\t<div class=\"elementor-container elementor-column-gap-default\">\n\t\t\t\t\t<div class=\"elementor-column elementor-col-100 elementor-top-column elementor-element elementor-element-7ad2187\" data-id=\"7ad2187\" data-element_type=\"column\" data-e-type=\"column\">\n\t\t\t<div class=\"elementor-widget-wrap elementor-element-populated\">\n\t\t\t\t\t\t<div class=\"elementor-element elementor-element-69ea08a elementor-widget elementor-widget-heading\" data-id=\"69ea08a\" data-element_type=\"widget\" data-e-type=\"widget\" data-widget_type=\"heading.default\">\n\t\t\t\t<div class=\"elementor-widget-container\">\n\t\t\t\t\t<h1 class=\"elementor-heading-title elementor-size-default\">Prodajna mesta<\/h1>\t\t\t\t<\/div>\n\t\t\t\t<\/div>\n\t\t\t\t<div class=\"elementor-element elementor-element-d477378 elementor-widget__width-initial elementor-widget elementor-widget-text-editor\" data-id=\"d477378\" data-element_type=\"widget\" data-e-type=\"widget\" data-widget_type=\"text-editor.default\">\n\t\t\t\t<div class=\"elementor-widget-container\">\n\t\t\t\t\t\t\t\t\t<p>The Royal Affair izdelki so na voljo v naslednjih poslovalnicah:<\/p>\t\t\t\t\t\t\t\t<\/div>\n\t\t\t\t<\/div>\n\t\t\t\t<div class=\"elementor-element elementor-element-7396164 elementor-widget__width-initial custom-table elementor-widget elementor-widget-text-editor\" data-id=\"7396164\" data-element_type=\"widget\" data-e-type=\"widget\" data-widget_type=\"text-editor.default\">\n\t\t\t\t<div class=\"elementor-widget-container\">\n\t\t\t\t\t\t\t\t\t<table>\n<tbody>\n<tr>\n<td><\/td>\n<td class=\"th\">Lokacija<\/td>\n<td class=\"th\">Trgovina<\/td>\n<\/tr>\n<tr>\n<td><img fetchpriority=\"high\" decoding=\"async\" class=\"alignnone size-full wp-image-18219\" src=\"https:\/\/theroyalaffair.eu\/sl\/wp-content\/uploads\/sites\/2\/2024\/07\/Logo_Drogerie_Mueller.svg\" alt=\"\" width=\"710\" height=\"140\" \/><\/td>\n<td>Ljubljana \u010copova<\/td>\n<td>M\u00fcller drogerija d.o.o<\/td>\n<\/tr>\n<tr>\n<td><img decoding=\"async\" class=\"alignnone size-medium wp-image-18135\" src=\"https:\/\/theroyalaffair.eu\/sl\/wp-content\/uploads\/sites\/2\/2024\/07\/BTC-CITY-logo-287x300.png\" alt=\"\" width=\"287\" height=\"300\" srcset=\"https:\/\/theroyalaffair.eu\/sl\/wp-content\/uploads\/sites\/2\/2024\/07\/BTC-CITY-logo-287x300.png 287w, https:\/\/theroyalaffair.eu\/sl\/wp-content\/uploads\/sites\/2\/2024\/07\/BTC-CITY-logo.png 600w\" sizes=\"(max-width: 287px) 100vw, 287px\" \/><\/td>\n<td>Ljubljana BTC City<\/td>\n<td>M\u00fcller drogerija d.o.o<\/td>\n<\/tr>\n<tr>\n<td><img decoding=\"async\" class=\"alignnone wp-image-18178 size-full\" src=\"https:\/\/theroyalaffair.eu\/sl\/wp-content\/uploads\/sites\/2\/2024\/07\/Supernova_logo.svg\" alt=\"\" width=\"441\" height=\"61\" \/><\/td>\n<td>Ljubljana Supernova Rudnik<\/td>\n<td>M\u00fcller drogerija d.o.o<\/td>\n<\/tr>\n<tr>\n<td><img loading=\"lazy\" decoding=\"async\" class=\"alignnone size-full wp-image-18177\" src=\"https:\/\/theroyalaffair.eu\/sl\/wp-content\/uploads\/sites\/2\/2024\/07\/CITY-CENTER-CELJE-logo.svg\" alt=\"\" width=\"243\" height=\"96\" \/><\/td>\n<td>Celje Citycenter<\/td>\n<td>M\u00fcller drogerija d.o.o<\/td>\n<\/tr>\n<tr>\n<td><img decoding=\"async\" class=\"alignnone wp-image-18178 size-full\" src=\"https:\/\/theroyalaffair.eu\/sl\/wp-content\/uploads\/sites\/2\/2024\/07\/Supernova_logo.svg\" alt=\"\" width=\"441\" height=\"61\" \/><\/td>\n<td>Ljubljana \u0160i\u0161ka<\/td>\n<td>M\u00fcller drogerija d.o.o<\/td>\n<\/tr>\n<tr>\n<td><img loading=\"lazy\" decoding=\"async\" class=\"alignnone size-full wp-image-18178\" src=\"https:\/\/theroyalaffair.eu\/sl\/wp-content\/uploads\/sites\/2\/2024\/07\/Supernova_logo.svg\" alt=\"\" width=\"441\" height=\"61\" \/><\/td>\n<td>Koper Supernova<\/td>\n<td>M\u00fcller drogerija d.o.o<\/td>\n<\/tr>\n<tr>\n<td><img fetchpriority=\"high\" decoding=\"async\" class=\"alignnone size-full wp-image-18219\" src=\"https:\/\/theroyalaffair.eu\/sl\/wp-content\/uploads\/sites\/2\/2024\/07\/Logo_Drogerie_Mueller.svg\" alt=\"\" width=\"710\" height=\"140\" \/><\/td>\n<td>Dom\u017eale<\/td>\n<td>M\u00fcller drogerija d.o.o<\/td>\n<\/tr>\n<tr>\n<td><img loading=\"lazy\" decoding=\"async\" class=\"alignnone size-full wp-image-18156\" src=\"https:\/\/theroyalaffair.eu\/sl\/wp-content\/uploads\/sites\/2\/2024\/07\/Europark_logo.svg\" alt=\"\" width=\"851\" height=\"197\" \/><\/td>\n<td>Maribor Europark<\/td>\n<td>M\u00fcller drogerija d.o.o<\/td>\n<\/tr>\n<tr>\n<td><img fetchpriority=\"high\" decoding=\"async\" class=\"alignnone size-full wp-image-18219\" src=\"https:\/\/theroyalaffair.eu\/sl\/wp-content\/uploads\/sites\/2\/2024\/07\/Logo_Drogerie_Mueller.svg\" alt=\"\" width=\"710\" height=\"140\" \/><\/td>\n<td>Nova Gorica<\/td>\n<td>M\u00fcller drogerija d.o.o<\/td>\n<\/tr>\n<tr>\n<td><img loading=\"lazy\" decoding=\"async\" class=\"alignnone size-full wp-image-18178\" src=\"https:\/\/theroyalaffair.eu\/sl\/wp-content\/uploads\/sites\/2\/2024\/07\/Supernova_logo.svg\" alt=\"\" width=\"441\" height=\"61\" \/><\/td>\n<td>Kranj EKZ Qlandia<\/td>\n<td>M\u00fcller drogerija d.o.o<\/td>\n<\/tr>\n<tr>\n<td><img fetchpriority=\"high\" decoding=\"async\" class=\"alignnone size-full wp-image-18219\" src=\"https:\/\/theroyalaffair.eu\/sl\/wp-content\/uploads\/sites\/2\/2024\/07\/Logo_Drogerie_Mueller.svg\" alt=\"\" width=\"710\" height=\"140\" \/><\/td>\n<td>Lesce FMZ MID<\/td>\n<td>M\u00fcller drogerija d.o.o<\/td>\n<\/tr>\n<tr>\n<td><img fetchpriority=\"high\" decoding=\"async\" class=\"alignnone size-full wp-image-18219\" src=\"https:\/\/theroyalaffair.eu\/sl\/wp-content\/uploads\/sites\/2\/2024\/07\/Logo_Drogerie_Mueller.svg\" alt=\"\" width=\"710\" height=\"140\" \/><\/td>\n<td>Ljubljana Vi\u017emarje<\/td>\n<td>M\u00fcller drogerija d.o.o<\/td>\n<\/tr>\n<tr>\n<td><img loading=\"lazy\" decoding=\"async\" class=\"alignnone size-medium wp-image-18199\" src=\"https:\/\/theroyalaffair.eu\/sl\/wp-content\/uploads\/sites\/2\/2024\/07\/NAMA-Logo-300x90.png\" alt=\"\" width=\"300\" height=\"90\" srcset=\"https:\/\/theroyalaffair.eu\/sl\/wp-content\/uploads\/sites\/2\/2024\/07\/NAMA-Logo-300x90.png 300w, https:\/\/theroyalaffair.eu\/sl\/wp-content\/uploads\/sites\/2\/2024\/07\/NAMA-Logo.png 461w\" sizes=\"(max-width: 300px) 100vw, 300px\" \/><\/td>\n<td>Ljubljana<\/td>\n<td>Nama d.d.<\/td>\n<\/tr>\n<tr>\n<td><img loading=\"lazy\" decoding=\"async\" class=\"alignnone size-full wp-image-18220\" src=\"https:\/\/theroyalaffair.eu\/sl\/wp-content\/uploads\/sites\/2\/2024\/07\/MAXI_Logo.svg\" alt=\"\" width=\"215\" height=\"72\" \/><\/td>\n<td>Ljubljana<\/td>\n<td>Maxi<\/td>\n<\/tr>\n<tr>\n<td><img loading=\"lazy\" decoding=\"async\" class=\"alignnone size-full wp-image-18221\" src=\"https:\/\/theroyalaffair.eu\/sl\/wp-content\/uploads\/sites\/2\/2024\/07\/VIKIS-PLACE_Logo.jpg\" alt=\"\" width=\"200\" height=\"135\" \/><\/td>\n<td>Ljubljana<\/td>\n<td>Viki&#8217;s place<\/td>\n<\/tr>\n<\/tbody>\n<\/table>\t\t\t\t\t\t\t\t<\/div>\n\t\t\t\t<\/div>\n\t\t\t\t\t<\/div>\n\t\t<\/div>\n\t\t\t\t\t<\/div>\n\t\t<\/section>\n\t\t\t\t<\/div>\n\t\t","protected":false},"excerpt":{"rendered":"<p>Prodajna mesta The Royal Affair izdelki so na voljo v naslednjih poslovalnicah: Lokacija Trgovina Ljubljana \u010copova M\u00fcller drogerija d.o.o Ljubljana BTC City M\u00fcller drogerija d.o.o Ljubljana Supernova Rudnik M\u00fcller drogerija d.o.o Celje Citycenter M\u00fcller drogerija d.o.o Ljubljana \u0160i\u0161ka M\u00fcller drogerija d.o.o Koper Supernova M\u00fcller drogerija d.o.o Dom\u017eale M\u00fcller drogerija d.o.o Maribor Europark M\u00fcller drogerija d.o.o [&hellip;]<\/p>\n","protected":false},"author":237,"featured_media":0,"parent":0,"menu_order":0,"comment_status":"closed","ping_status":"closed","template":"","meta":{"_acf_changed":false,"site-sidebar-layout":"no-sidebar","site-content-layout":"page-builder","ast-site-content-layout":"full-width-container","site-content-style":"default","site-sidebar-style":"default","ast-global-header-display":"","ast-banner-title-visibility":"","ast-main-header-display":"","ast-hfb-above-header-display":"","ast-hfb-below-header-display":"","ast-hfb-mobile-header-display":"","site-post-title":"disabled","ast-breadcrumbs-content":"","ast-featured-img":"disabled","footer-sml-layout":"","ast-disable-related-posts":"","theme-transparent-header-meta":"","adv-header-id-meta":"","stick-header-meta":"","header-above-stick-meta":"","header-main-stick-meta":"","header-below-stick-meta":"","astra-migrate-meta-layouts":"set","ast-page-background-enabled":"default","ast-page-background-meta":{"desktop":{"background-color":"","background-image":"","background-repeat":"repeat","background-position":"center center","background-size":"auto","background-attachment":"scroll","background-type":"","background-media":"","overlay-type":"","overlay-color":"","overlay-opacity":"","overlay-gradient":""},"tablet":{"background-color":"","background-image":"","background-repeat":"repeat","background-position":"center center","background-size":"auto","background-attachment":"scroll","background-type":"","background-media":"","overlay-type":"","overlay-color":"","overlay-opacity":"","overlay-gradient":""},"mobile":{"background-color":"","background-image":"","background-repeat":"repeat","background-position":"center center","background-size":"auto","background-attachment":"scroll","background-type":"","background-media":"","overlay-type":"","overlay-color":"","overlay-opacity":"","overlay-gradient":""}},"ast-content-background-meta":{"desktop":{"background-color":"var(--ast-global-color-5)","background-image":"","background-repeat":"repeat","background-position":"center center","background-size":"auto","background-attachment":"scroll","background-type":"","background-media":"","overlay-type":"","overlay-color":"","overlay-opacity":"","overlay-gradient":""},"tablet":{"background-color":"var(--ast-global-color-5)","background-image":"","background-repeat":"repeat","background-position":"center center","background-size":"auto","background-attachment":"scroll","background-type":"","background-media":"","overlay-type":"","overlay-color":"","overlay-opacity":"","overlay-gradient":""},"mobile":{"background-color":"var(--ast-global-color-5)","background-image":"","background-repeat":"repeat","background-position":"center center","background-size":"auto","background-attachment":"scroll","background-type":"","background-media":"","overlay-type":"","overlay-color":"","overlay-opacity":"","overlay-gradient":""}},"footnotes":""},"class_list":["post-18127","page","type-page","status-publish","hentry"],"acf":[],"_links":{"self":[{"href":"https:\/\/theroyalaffair.eu\/sl\/wp-json\/wp\/v2\/pages\/18127","targetHints":{"allow":["GET"]}}],"collection":[{"href":"https:\/\/theroyalaffair.eu\/sl\/wp-json\/wp\/v2\/pages"}],"about":[{"href":"https:\/\/theroyalaffair.eu\/sl\/wp-json\/wp\/v2\/types\/page"}],"author":[{"embeddable":true,"href":"https:\/\/theroyalaffair.eu\/sl\/wp-json\/wp\/v2\/users\/237"}],"replies":[{"embeddable":true,"href":"https:\/\/theroyalaffair.eu\/sl\/wp-json\/wp\/v2\/comments?post=18127"}],"version-history":[{"count":82,"href":"https:\/\/theroyalaffair.eu\/sl\/wp-json\/wp\/v2\/pages\/18127\/revisions"}],"predecessor-version":[{"id":28245,"href":"https:\/\/theroyalaffair.eu\/sl\/wp-json\/wp\/v2\/pages\/18127\/revisions\/28245"}],"wp:attachment":[{"href":"https:\/\/theroyalaffair.eu\/sl\/wp-json\/wp\/v2\/media?parent=18127"}],"curies":[{"name":"wp","href":"https:\/\/api.w.org\/{rel}","templated":true}]}}