
{"id":24502,"date":"2025-05-21T10:05:26","date_gmt":"2025-05-21T08:05:26","guid":{"rendered":"https:\/\/theroyalaffair.eu\/sl\/?page_id=24502"},"modified":"2025-10-02T09:24:58","modified_gmt":"2025-10-02T07:24:58","slug":"6-tedenski-izziv-sijoci-lasje","status":"publish","type":"page","link":"https:\/\/theroyalaffair.eu\/sl\/6-tedenski-izziv-sijoci-lasje\/","title":{"rendered":"6-tedenski izziv do bolj sijo\u010dih las"},"content":{"rendered":"\t\t<div data-elementor-type=\"wp-page\" data-elementor-id=\"24502\" class=\"elementor elementor-24502\" data-elementor-post-type=\"page\">\n\t\t\t\t<div class=\"elementor-element elementor-element-c51b967 e-con-full e-flex e-con e-parent\" data-id=\"c51b967\" data-element_type=\"container\" data-e-type=\"container\">\n\t\t\t\t<div class=\"elementor-element elementor-element-5911d12 elementor-hidden-mobile elementor-widget elementor-widget-image\" data-id=\"5911d12\" data-element_type=\"widget\" data-e-type=\"widget\" data-widget_type=\"image.default\">\n\t\t\t\t<div class=\"elementor-widget-container\">\n\t\t\t\t\t\t\t\t\t\t\t\t\t\t\t<img fetchpriority=\"high\" decoding=\"async\" width=\"1920\" height=\"500\" src=\"https:\/\/theroyalaffair.eu\/sl\/wp-content\/uploads\/sites\/2\/2025\/08\/TRA_SLO_Banner_6-tedenski-izziv_1920x500-min.jpg\" class=\"attachment-full size-full wp-image-29133\" alt=\"\" srcset=\"https:\/\/theroyalaffair.eu\/sl\/wp-content\/uploads\/sites\/2\/2025\/08\/TRA_SLO_Banner_6-tedenski-izziv_1920x500-min.jpg 1920w, https:\/\/theroyalaffair.eu\/sl\/wp-content\/uploads\/sites\/2\/2025\/08\/TRA_SLO_Banner_6-tedenski-izziv_1920x500-min-300x78.jpg 300w, https:\/\/theroyalaffair.eu\/sl\/wp-content\/uploads\/sites\/2\/2025\/08\/TRA_SLO_Banner_6-tedenski-izziv_1920x500-min-1024x267.jpg 1024w, https:\/\/theroyalaffair.eu\/sl\/wp-content\/uploads\/sites\/2\/2025\/08\/TRA_SLO_Banner_6-tedenski-izziv_1920x500-min-768x200.jpg 768w, https:\/\/theroyalaffair.eu\/sl\/wp-content\/uploads\/sites\/2\/2025\/08\/TRA_SLO_Banner_6-tedenski-izziv_1920x500-min-1536x400.jpg 1536w, https:\/\/theroyalaffair.eu\/sl\/wp-content\/uploads\/sites\/2\/2025\/08\/TRA_SLO_Banner_6-tedenski-izziv_1920x500-min-600x156.jpg 600w\" sizes=\"(max-width: 1920px) 100vw, 1920px\" \/>\t\t\t\t\t\t\t\t\t\t\t\t\t\t\t<\/div>\n\t\t\t\t<\/div>\n\t\t\t\t<div class=\"elementor-element elementor-element-fb4d46c elementor-hidden-desktop elementor-hidden-tablet elementor-widget elementor-widget-image\" data-id=\"fb4d46c\" data-element_type=\"widget\" data-e-type=\"widget\" data-widget_type=\"image.default\">\n\t\t\t\t<div class=\"elementor-widget-container\">\n\t\t\t\t\t\t\t\t\t\t\t\t\t\t\t<img decoding=\"async\" width=\"1080\" height=\"1080\" src=\"https:\/\/theroyalaffair.eu\/sl\/wp-content\/uploads\/sites\/2\/2025\/08\/TRA_SLO_Banner_6-tedenski-izziv_Mobile_1080x1080-min.jpg\" class=\"attachment-full size-full wp-image-29134\" alt=\"\" srcset=\"https:\/\/theroyalaffair.eu\/sl\/wp-content\/uploads\/sites\/2\/2025\/08\/TRA_SLO_Banner_6-tedenski-izziv_Mobile_1080x1080-min.jpg 1080w, https:\/\/theroyalaffair.eu\/sl\/wp-content\/uploads\/sites\/2\/2025\/08\/TRA_SLO_Banner_6-tedenski-izziv_Mobile_1080x1080-min-300x300.jpg 300w, https:\/\/theroyalaffair.eu\/sl\/wp-content\/uploads\/sites\/2\/2025\/08\/TRA_SLO_Banner_6-tedenski-izziv_Mobile_1080x1080-min-1024x1024.jpg 1024w, https:\/\/theroyalaffair.eu\/sl\/wp-content\/uploads\/sites\/2\/2025\/08\/TRA_SLO_Banner_6-tedenski-izziv_Mobile_1080x1080-min-150x150.jpg 150w, https:\/\/theroyalaffair.eu\/sl\/wp-content\/uploads\/sites\/2\/2025\/08\/TRA_SLO_Banner_6-tedenski-izziv_Mobile_1080x1080-min-768x768.jpg 768w, https:\/\/theroyalaffair.eu\/sl\/wp-content\/uploads\/sites\/2\/2025\/08\/TRA_SLO_Banner_6-tedenski-izziv_Mobile_1080x1080-min-400x400.jpg 400w, https:\/\/theroyalaffair.eu\/sl\/wp-content\/uploads\/sites\/2\/2025\/08\/TRA_SLO_Banner_6-tedenski-izziv_Mobile_1080x1080-min-600x600.jpg 600w, https:\/\/theroyalaffair.eu\/sl\/wp-content\/uploads\/sites\/2\/2025\/08\/TRA_SLO_Banner_6-tedenski-izziv_Mobile_1080x1080-min-100x100.jpg 100w\" sizes=\"(max-width: 1080px) 100vw, 1080px\" \/>\t\t\t\t\t\t\t\t\t\t\t\t\t\t\t<\/div>\n\t\t\t\t<\/div>\n\t\t\t\t<\/div>\n\t\t<div class=\"elementor-element elementor-element-2a879c7 e-con-full e-flex e-con e-parent\" data-id=\"2a879c7\" data-element_type=\"container\" data-e-type=\"container\">\n\t\t<div class=\"elementor-element elementor-element-24f715c e-con-full e-flex e-con e-child\" data-id=\"24f715c\" data-element_type=\"container\" data-e-type=\"container\">\n\t\t\t\t<div class=\"elementor-element elementor-element-3f91f46 elementor-widget elementor-widget-heading\" data-id=\"3f91f46\" data-element_type=\"widget\" data-e-type=\"widget\" data-widget_type=\"heading.default\">\n\t\t\t\t<div class=\"elementor-widget-container\">\n\t\t\t\t\t<h1 class=\"elementor-heading-title elementor-size-default\">Ali tvoji lasje potrebujejo nov za\u010detek? Mi imamo na\u010drt.\n<\/h1>\t\t\t\t<\/div>\n\t\t\t\t<\/div>\n\t\t\t\t<div class=\"elementor-element elementor-element-650726f elementor-widget__width-initial elementor-widget-tablet__width-inherit elementor-widget elementor-widget-text-editor\" data-id=\"650726f\" data-element_type=\"widget\" data-e-type=\"widget\" data-widget_type=\"text-editor.default\">\n\t\t\t\t<div class=\"elementor-widget-container\">\n\t\t\t\t\t\t\t\t\t<p>Pridru\u017ei se <strong>brezpla\u010dnemu 6-tedenskemu spletnemu izzivu<\/strong> in se nau\u010di, kako z ne\u017eno in ciljno nego dose\u010di bolj zdravo lasi\u0161\u010de ter lep\u0161e, sijo\u010de lase \u2013 ne glede na tvoj trenutni tip ali stanje las.<\/p>\t\t\t\t\t\t\t\t<\/div>\n\t\t\t\t<\/div>\n\t\t<div class=\"elementor-element elementor-element-754e985 e-con-full e-flex e-con e-child\" data-id=\"754e985\" data-element_type=\"container\" data-e-type=\"container\">\n\t\t\t\t<div class=\"elementor-element elementor-element-397aae5 elementor-widget__width-initial elementor-widget-mobile__width-inherit elementor-widget elementor-widget-image\" data-id=\"397aae5\" data-element_type=\"widget\" data-e-type=\"widget\" data-widget_type=\"image.default\">\n\t\t\t\t<div class=\"elementor-widget-container\">\n\t\t\t\t\t\t\t\t\t\t\t\t\t\t\t<img decoding=\"async\" width=\"1080\" height=\"1080\" src=\"https:\/\/theroyalaffair.eu\/sl\/wp-content\/uploads\/sites\/2\/2025\/08\/TRA_SLO_6-tedenski-izziv_1x1_2-min.jpg\" class=\"attachment-full size-full wp-image-29135\" alt=\"\" srcset=\"https:\/\/theroyalaffair.eu\/sl\/wp-content\/uploads\/sites\/2\/2025\/08\/TRA_SLO_6-tedenski-izziv_1x1_2-min.jpg 1080w, https:\/\/theroyalaffair.eu\/sl\/wp-content\/uploads\/sites\/2\/2025\/08\/TRA_SLO_6-tedenski-izziv_1x1_2-min-300x300.jpg 300w, https:\/\/theroyalaffair.eu\/sl\/wp-content\/uploads\/sites\/2\/2025\/08\/TRA_SLO_6-tedenski-izziv_1x1_2-min-1024x1024.jpg 1024w, https:\/\/theroyalaffair.eu\/sl\/wp-content\/uploads\/sites\/2\/2025\/08\/TRA_SLO_6-tedenski-izziv_1x1_2-min-150x150.jpg 150w, https:\/\/theroyalaffair.eu\/sl\/wp-content\/uploads\/sites\/2\/2025\/08\/TRA_SLO_6-tedenski-izziv_1x1_2-min-768x768.jpg 768w, https:\/\/theroyalaffair.eu\/sl\/wp-content\/uploads\/sites\/2\/2025\/08\/TRA_SLO_6-tedenski-izziv_1x1_2-min-400x400.jpg 400w, https:\/\/theroyalaffair.eu\/sl\/wp-content\/uploads\/sites\/2\/2025\/08\/TRA_SLO_6-tedenski-izziv_1x1_2-min-600x600.jpg 600w, https:\/\/theroyalaffair.eu\/sl\/wp-content\/uploads\/sites\/2\/2025\/08\/TRA_SLO_6-tedenski-izziv_1x1_2-min-100x100.jpg 100w\" sizes=\"(max-width: 1080px) 100vw, 1080px\" \/>\t\t\t\t\t\t\t\t\t\t\t\t\t\t\t<\/div>\n\t\t\t\t<\/div>\n\t\t<div class=\"elementor-element elementor-element-38d07ce e-con-full e-flex e-con e-child\" data-id=\"38d07ce\" data-element_type=\"container\" data-e-type=\"container\">\n\t\t\t\t<div class=\"elementor-element elementor-element-fd5df1f elementor-widget elementor-widget-heading\" data-id=\"fd5df1f\" data-element_type=\"widget\" data-e-type=\"widget\" data-widget_type=\"heading.default\">\n\t\t\t\t<div class=\"elementor-widget-container\">\n\t\t\t\t\t<h3 class=\"elementor-heading-title elementor-size-default\">\ud83d\udc49 Vsak teden te bo v e-nabiralniku \u010dakal izobra\u017eevalni paket:<\/h3>\t\t\t\t<\/div>\n\t\t\t\t<\/div>\n\t\t\t\t<div class=\"elementor-element elementor-element-aab864d elementor-widget elementor-widget-text-editor\" data-id=\"aab864d\" data-element_type=\"widget\" data-e-type=\"widget\" data-widget_type=\"text-editor.default\">\n\t\t\t\t<div class=\"elementor-widget-container\">\n\t\t\t\t\t\t\t\t\t<p>\u2714 podrobna e-knji\u017eica s koristnimi nasveti<\/p><p>\u2714 preprosti negovalni rituali<\/p><p>\u2714 kratki video vodi\u010di<\/p><p>\u2714 na\u0161i najljub\u0161i triki in priporo\u010dila<\/p>\t\t\t\t\t\t\t\t<\/div>\n\t\t\t\t<\/div>\n\t\t\t\t<\/div>\n\t\t\t\t<\/div>\n\t\t\t\t<div class=\"elementor-element elementor-element-cc07a53 elementor-widget__width-initial elementor-widget-tablet__width-inherit elementor-widget elementor-widget-text-editor\" data-id=\"cc07a53\" data-element_type=\"widget\" data-e-type=\"widget\" data-widget_type=\"text-editor.default\">\n\t\t\t\t<div class=\"elementor-widget-container\">\n\t\t\t\t\t\t\t\t\t<p>V tem skrbno zasnovanem izzivu bomo <strong>korak za korakom<\/strong> skupaj oblikovali tvojo novo rutino nege las ter ti pomagali bolje razumeti svoje lase in lasi\u0161\u010de \u2013 od znotraj in navzven.<\/p><p>Po koncu izziva bo\u0161 imela trdno osnovo za bolj zdravo lasi\u0161\u010de in ve\u010d samozavesti v svojem videzu.<\/p><p><strong>Si pripravljena odkriti, kako lahko tvoji lasje zares za\u017eivijo?<\/strong><\/p>\t\t\t\t\t\t\t\t<\/div>\n\t\t\t\t<\/div>\n\t\t\t\t<div class=\"elementor-element elementor-element-eddb837 elementor-widget__width-initial elementor-widget-tablet__width-inherit elementor-widget elementor-widget-html\" data-id=\"eddb837\" data-element_type=\"widget\" data-e-type=\"widget\" data-widget_type=\"html.default\">\n\t\t\t\t<div class=\"elementor-widget-container\">\n\t\t\t\t\t<div class=\"klaviyo-form-WBsZgU\"><\/div>\t\t\t\t<\/div>\n\t\t\t\t<\/div>\n\t\t\t\t<\/div>\n\t\t\t\t<\/div>\n\t\t<div class=\"elementor-element elementor-element-40fcd4d e-con-full e-flex e-con e-parent\" data-id=\"40fcd4d\" data-element_type=\"container\" data-e-type=\"container\">\n\t\t\t\t<div class=\"elementor-element elementor-element-1a67d7c gallery-spacing-custom elementor-widget elementor-widget-image-gallery\" data-id=\"1a67d7c\" data-element_type=\"widget\" data-e-type=\"widget\" data-widget_type=\"image-gallery.default\">\n\t\t\t\t<div class=\"elementor-widget-container\">\n\t\t\t\t\t\t\t<div class=\"elementor-image-gallery\">\n\t\t\t<div id='gallery-1' class='gallery galleryid-24502 gallery-columns-6 gallery-size-full'><figure class='gallery-item'>\n\t\t\t<div class='gallery-icon landscape'>\n\t\t\t\t<a data-elementor-open-lightbox=\"yes\" data-elementor-lightbox-slideshow=\"1a67d7c\" data-elementor-lightbox-title=\"testimonial-1\" data-e-action-hash=\"#elementor-action%3Aaction%3Dlightbox%26settings%3DeyJpZCI6MjE0ODUsInVybCI6Imh0dHBzOlwvXC90aGVyb3lhbGFmZmFpci5ldVwvc2xcL3dwLWNvbnRlbnRcL3VwbG9hZHNcL3NpdGVzXC8yXC8yMDI1XC8wMlwvdGVzdGltb25pYWwtMS5qcGciLCJzbGlkZXNob3ciOiIxYTY3ZDdjIn0%3D\" href='https:\/\/theroyalaffair.eu\/sl\/wp-content\/uploads\/sites\/2\/2025\/02\/testimonial-1.jpg'><img loading=\"lazy\" decoding=\"async\" width=\"640\" height=\"640\" src=\"https:\/\/theroyalaffair.eu\/sl\/wp-content\/uploads\/sites\/2\/2025\/02\/testimonial-1.jpg\" class=\"attachment-full size-full\" alt=\"\" srcset=\"https:\/\/theroyalaffair.eu\/sl\/wp-content\/uploads\/sites\/2\/2025\/02\/testimonial-1.jpg 640w, https:\/\/theroyalaffair.eu\/sl\/wp-content\/uploads\/sites\/2\/2025\/02\/testimonial-1-300x300.jpg 300w, https:\/\/theroyalaffair.eu\/sl\/wp-content\/uploads\/sites\/2\/2025\/02\/testimonial-1-150x150.jpg 150w, https:\/\/theroyalaffair.eu\/sl\/wp-content\/uploads\/sites\/2\/2025\/02\/testimonial-1-400x400.jpg 400w, https:\/\/theroyalaffair.eu\/sl\/wp-content\/uploads\/sites\/2\/2025\/02\/testimonial-1-600x600.jpg 600w, https:\/\/theroyalaffair.eu\/sl\/wp-content\/uploads\/sites\/2\/2025\/02\/testimonial-1-100x100.jpg 100w\" sizes=\"(max-width: 640px) 100vw, 640px\" \/><\/a>\n\t\t\t<\/div><\/figure><figure class='gallery-item'>\n\t\t\t<div class='gallery-icon landscape'>\n\t\t\t\t<a data-elementor-open-lightbox=\"yes\" data-elementor-lightbox-slideshow=\"1a67d7c\" data-elementor-lightbox-title=\"testimonial-2\" data-e-action-hash=\"#elementor-action%3Aaction%3Dlightbox%26settings%3DeyJpZCI6MjE0ODYsInVybCI6Imh0dHBzOlwvXC90aGVyb3lhbGFmZmFpci5ldVwvc2xcL3dwLWNvbnRlbnRcL3VwbG9hZHNcL3NpdGVzXC8yXC8yMDI1XC8wMlwvdGVzdGltb25pYWwtMi5qcGciLCJzbGlkZXNob3ciOiIxYTY3ZDdjIn0%3D\" href='https:\/\/theroyalaffair.eu\/sl\/wp-content\/uploads\/sites\/2\/2025\/02\/testimonial-2.jpg'><img loading=\"lazy\" decoding=\"async\" width=\"640\" height=\"640\" src=\"https:\/\/theroyalaffair.eu\/sl\/wp-content\/uploads\/sites\/2\/2025\/02\/testimonial-2.jpg\" class=\"attachment-full size-full\" alt=\"\" srcset=\"https:\/\/theroyalaffair.eu\/sl\/wp-content\/uploads\/sites\/2\/2025\/02\/testimonial-2.jpg 640w, https:\/\/theroyalaffair.eu\/sl\/wp-content\/uploads\/sites\/2\/2025\/02\/testimonial-2-300x300.jpg 300w, https:\/\/theroyalaffair.eu\/sl\/wp-content\/uploads\/sites\/2\/2025\/02\/testimonial-2-150x150.jpg 150w, https:\/\/theroyalaffair.eu\/sl\/wp-content\/uploads\/sites\/2\/2025\/02\/testimonial-2-400x400.jpg 400w, https:\/\/theroyalaffair.eu\/sl\/wp-content\/uploads\/sites\/2\/2025\/02\/testimonial-2-600x600.jpg 600w, https:\/\/theroyalaffair.eu\/sl\/wp-content\/uploads\/sites\/2\/2025\/02\/testimonial-2-100x100.jpg 100w\" sizes=\"(max-width: 640px) 100vw, 640px\" \/><\/a>\n\t\t\t<\/div><\/figure><figure class='gallery-item'>\n\t\t\t<div class='gallery-icon landscape'>\n\t\t\t\t<a data-elementor-open-lightbox=\"yes\" data-elementor-lightbox-slideshow=\"1a67d7c\" data-elementor-lightbox-title=\"testimonial-3\" data-e-action-hash=\"#elementor-action%3Aaction%3Dlightbox%26settings%3DeyJpZCI6MjE0ODcsInVybCI6Imh0dHBzOlwvXC90aGVyb3lhbGFmZmFpci5ldVwvc2xcL3dwLWNvbnRlbnRcL3VwbG9hZHNcL3NpdGVzXC8yXC8yMDI1XC8wMlwvdGVzdGltb25pYWwtMy5qcGciLCJzbGlkZXNob3ciOiIxYTY3ZDdjIn0%3D\" href='https:\/\/theroyalaffair.eu\/sl\/wp-content\/uploads\/sites\/2\/2025\/02\/testimonial-3.jpg'><img loading=\"lazy\" decoding=\"async\" width=\"640\" height=\"640\" src=\"https:\/\/theroyalaffair.eu\/sl\/wp-content\/uploads\/sites\/2\/2025\/02\/testimonial-3.jpg\" class=\"attachment-full size-full\" alt=\"\" srcset=\"https:\/\/theroyalaffair.eu\/sl\/wp-content\/uploads\/sites\/2\/2025\/02\/testimonial-3.jpg 640w, https:\/\/theroyalaffair.eu\/sl\/wp-content\/uploads\/sites\/2\/2025\/02\/testimonial-3-300x300.jpg 300w, https:\/\/theroyalaffair.eu\/sl\/wp-content\/uploads\/sites\/2\/2025\/02\/testimonial-3-150x150.jpg 150w, https:\/\/theroyalaffair.eu\/sl\/wp-content\/uploads\/sites\/2\/2025\/02\/testimonial-3-400x400.jpg 400w, https:\/\/theroyalaffair.eu\/sl\/wp-content\/uploads\/sites\/2\/2025\/02\/testimonial-3-600x600.jpg 600w, https:\/\/theroyalaffair.eu\/sl\/wp-content\/uploads\/sites\/2\/2025\/02\/testimonial-3-100x100.jpg 100w\" sizes=\"(max-width: 640px) 100vw, 640px\" \/><\/a>\n\t\t\t<\/div><\/figure><figure class='gallery-item'>\n\t\t\t<div class='gallery-icon landscape'>\n\t\t\t\t<a data-elementor-open-lightbox=\"yes\" data-elementor-lightbox-slideshow=\"1a67d7c\" data-elementor-lightbox-title=\"testimonial-4\" data-e-action-hash=\"#elementor-action%3Aaction%3Dlightbox%26settings%3DeyJpZCI6MjE0ODgsInVybCI6Imh0dHBzOlwvXC90aGVyb3lhbGFmZmFpci5ldVwvc2xcL3dwLWNvbnRlbnRcL3VwbG9hZHNcL3NpdGVzXC8yXC8yMDI1XC8wMlwvdGVzdGltb25pYWwtNC5qcGciLCJzbGlkZXNob3ciOiIxYTY3ZDdjIn0%3D\" href='https:\/\/theroyalaffair.eu\/sl\/wp-content\/uploads\/sites\/2\/2025\/02\/testimonial-4.jpg'><img loading=\"lazy\" decoding=\"async\" width=\"640\" height=\"640\" src=\"https:\/\/theroyalaffair.eu\/sl\/wp-content\/uploads\/sites\/2\/2025\/02\/testimonial-4.jpg\" class=\"attachment-full size-full\" alt=\"\" srcset=\"https:\/\/theroyalaffair.eu\/sl\/wp-content\/uploads\/sites\/2\/2025\/02\/testimonial-4.jpg 640w, https:\/\/theroyalaffair.eu\/sl\/wp-content\/uploads\/sites\/2\/2025\/02\/testimonial-4-300x300.jpg 300w, https:\/\/theroyalaffair.eu\/sl\/wp-content\/uploads\/sites\/2\/2025\/02\/testimonial-4-150x150.jpg 150w, https:\/\/theroyalaffair.eu\/sl\/wp-content\/uploads\/sites\/2\/2025\/02\/testimonial-4-400x400.jpg 400w, https:\/\/theroyalaffair.eu\/sl\/wp-content\/uploads\/sites\/2\/2025\/02\/testimonial-4-600x600.jpg 600w, https:\/\/theroyalaffair.eu\/sl\/wp-content\/uploads\/sites\/2\/2025\/02\/testimonial-4-100x100.jpg 100w\" sizes=\"(max-width: 640px) 100vw, 640px\" \/><\/a>\n\t\t\t<\/div><\/figure><figure class='gallery-item'>\n\t\t\t<div class='gallery-icon landscape'>\n\t\t\t\t<a data-elementor-open-lightbox=\"yes\" data-elementor-lightbox-slideshow=\"1a67d7c\" data-elementor-lightbox-title=\"testimonial-5\" data-e-action-hash=\"#elementor-action%3Aaction%3Dlightbox%26settings%3DeyJpZCI6MjE0ODksInVybCI6Imh0dHBzOlwvXC90aGVyb3lhbGFmZmFpci5ldVwvc2xcL3dwLWNvbnRlbnRcL3VwbG9hZHNcL3NpdGVzXC8yXC8yMDI1XC8wMlwvdGVzdGltb25pYWwtNS5qcGciLCJzbGlkZXNob3ciOiIxYTY3ZDdjIn0%3D\" href='https:\/\/theroyalaffair.eu\/sl\/wp-content\/uploads\/sites\/2\/2025\/02\/testimonial-5.jpg'><img loading=\"lazy\" decoding=\"async\" width=\"640\" height=\"640\" src=\"https:\/\/theroyalaffair.eu\/sl\/wp-content\/uploads\/sites\/2\/2025\/02\/testimonial-5.jpg\" class=\"attachment-full size-full\" alt=\"\" srcset=\"https:\/\/theroyalaffair.eu\/sl\/wp-content\/uploads\/sites\/2\/2025\/02\/testimonial-5.jpg 640w, https:\/\/theroyalaffair.eu\/sl\/wp-content\/uploads\/sites\/2\/2025\/02\/testimonial-5-300x300.jpg 300w, https:\/\/theroyalaffair.eu\/sl\/wp-content\/uploads\/sites\/2\/2025\/02\/testimonial-5-150x150.jpg 150w, https:\/\/theroyalaffair.eu\/sl\/wp-content\/uploads\/sites\/2\/2025\/02\/testimonial-5-400x400.jpg 400w, https:\/\/theroyalaffair.eu\/sl\/wp-content\/uploads\/sites\/2\/2025\/02\/testimonial-5-600x600.jpg 600w, https:\/\/theroyalaffair.eu\/sl\/wp-content\/uploads\/sites\/2\/2025\/02\/testimonial-5-100x100.jpg 100w\" sizes=\"(max-width: 640px) 100vw, 640px\" \/><\/a>\n\t\t\t<\/div><\/figure><figure class='gallery-item'>\n\t\t\t<div class='gallery-icon landscape'>\n\t\t\t\t<a data-elementor-open-lightbox=\"yes\" data-elementor-lightbox-slideshow=\"1a67d7c\" data-elementor-lightbox-title=\"testimonial-6\" data-e-action-hash=\"#elementor-action%3Aaction%3Dlightbox%26settings%3DeyJpZCI6MjE0OTAsInVybCI6Imh0dHBzOlwvXC90aGVyb3lhbGFmZmFpci5ldVwvc2xcL3dwLWNvbnRlbnRcL3VwbG9hZHNcL3NpdGVzXC8yXC8yMDI1XC8wMlwvdGVzdGltb25pYWwtNi5qcGciLCJzbGlkZXNob3ciOiIxYTY3ZDdjIn0%3D\" href='https:\/\/theroyalaffair.eu\/sl\/wp-content\/uploads\/sites\/2\/2025\/02\/testimonial-6.jpg'><img loading=\"lazy\" decoding=\"async\" width=\"640\" height=\"640\" src=\"https:\/\/theroyalaffair.eu\/sl\/wp-content\/uploads\/sites\/2\/2025\/02\/testimonial-6.jpg\" class=\"attachment-full size-full\" alt=\"\" srcset=\"https:\/\/theroyalaffair.eu\/sl\/wp-content\/uploads\/sites\/2\/2025\/02\/testimonial-6.jpg 640w, https:\/\/theroyalaffair.eu\/sl\/wp-content\/uploads\/sites\/2\/2025\/02\/testimonial-6-300x300.jpg 300w, https:\/\/theroyalaffair.eu\/sl\/wp-content\/uploads\/sites\/2\/2025\/02\/testimonial-6-150x150.jpg 150w, https:\/\/theroyalaffair.eu\/sl\/wp-content\/uploads\/sites\/2\/2025\/02\/testimonial-6-400x400.jpg 400w, https:\/\/theroyalaffair.eu\/sl\/wp-content\/uploads\/sites\/2\/2025\/02\/testimonial-6-600x600.jpg 600w, https:\/\/theroyalaffair.eu\/sl\/wp-content\/uploads\/sites\/2\/2025\/02\/testimonial-6-100x100.jpg 100w\" sizes=\"(max-width: 640px) 100vw, 640px\" \/><\/a>\n\t\t\t<\/div><\/figure>\n\t\t<\/div>\n\t\t<\/div>\n\t\t\t\t\t\t<\/div>\n\t\t\t\t<\/div>\n\t\t\t\t<\/div>\n\t\t\t\t<\/div>\n\t\t","protected":false},"excerpt":{"rendered":"<p>Ali tvoji lasje potrebujejo nov za\u010detek? Mi imamo na\u010drt. Pridru\u017ei se brezpla\u010dnemu 6-tedenskemu spletnemu izzivu in se nau\u010di, kako z ne\u017eno in ciljno nego dose\u010di bolj zdravo lasi\u0161\u010de ter lep\u0161e, sijo\u010de lase \u2013 ne glede na tvoj trenutni tip ali stanje las. \ud83d\udc49 Vsak teden te bo v e-nabiralniku \u010dakal izobra\u017eevalni paket: \u2714 podrobna e-knji\u017eica [&hellip;]<\/p>\n","protected":false},"author":237,"featured_media":0,"parent":0,"menu_order":0,"comment_status":"closed","ping_status":"closed","template":"","meta":{"_acf_changed":false,"site-sidebar-layout":"no-sidebar","site-content-layout":"page-builder","ast-site-content-layout":"full-width-container","site-content-style":"default","site-sidebar-style":"default","ast-global-header-display":"","ast-banner-title-visibility":"","ast-main-header-display":"","ast-hfb-above-header-display":"","ast-hfb-below-header-display":"","ast-hfb-mobile-header-display":"","site-post-title":"disabled","ast-breadcrumbs-content":"","ast-featured-img":"disabled","footer-sml-layout":"","ast-disable-related-posts":"","theme-transparent-header-meta":"","adv-header-id-meta":"","stick-header-meta":"","header-above-stick-meta":"","header-main-stick-meta":"","header-below-stick-meta":"","astra-migrate-meta-layouts":"set","ast-page-background-enabled":"default","ast-page-background-meta":{"desktop":{"background-color":"","background-image":"","background-repeat":"repeat","background-position":"center center","background-size":"auto","background-attachment":"scroll","background-type":"","background-media":"","overlay-type":"","overlay-color":"","overlay-opacity":"","overlay-gradient":""},"tablet":{"background-color":"","background-image":"","background-repeat":"repeat","background-position":"center center","background-size":"auto","background-attachment":"scroll","background-type":"","background-media":"","overlay-type":"","overlay-color":"","overlay-opacity":"","overlay-gradient":""},"mobile":{"background-color":"","background-image":"","background-repeat":"repeat","background-position":"center center","background-size":"auto","background-attachment":"scroll","background-type":"","background-media":"","overlay-type":"","overlay-color":"","overlay-opacity":"","overlay-gradient":""}},"ast-content-background-meta":{"desktop":{"background-color":"var(--ast-global-color-5)","background-image":"","background-repeat":"repeat","background-position":"center center","background-size":"auto","background-attachment":"scroll","background-type":"","background-media":"","overlay-type":"","overlay-color":"","overlay-opacity":"","overlay-gradient":""},"tablet":{"background-color":"var(--ast-global-color-5)","background-image":"","background-repeat":"repeat","background-position":"center center","background-size":"auto","background-attachment":"scroll","background-type":"","background-media":"","overlay-type":"","overlay-color":"","overlay-opacity":"","overlay-gradient":""},"mobile":{"background-color":"var(--ast-global-color-5)","background-image":"","background-repeat":"repeat","background-position":"center center","background-size":"auto","background-attachment":"scroll","background-type":"","background-media":"","overlay-type":"","overlay-color":"","overlay-opacity":"","overlay-gradient":""}},"footnotes":""},"class_list":["post-24502","page","type-page","status-publish","hentry"],"acf":[],"_links":{"self":[{"href":"https:\/\/theroyalaffair.eu\/sl\/wp-json\/wp\/v2\/pages\/24502","targetHints":{"allow":["GET"]}}],"collection":[{"href":"https:\/\/theroyalaffair.eu\/sl\/wp-json\/wp\/v2\/pages"}],"about":[{"href":"https:\/\/theroyalaffair.eu\/sl\/wp-json\/wp\/v2\/types\/page"}],"author":[{"embeddable":true,"href":"https:\/\/theroyalaffair.eu\/sl\/wp-json\/wp\/v2\/users\/237"}],"replies":[{"embeddable":true,"href":"https:\/\/theroyalaffair.eu\/sl\/wp-json\/wp\/v2\/comments?post=24502"}],"version-history":[{"count":34,"href":"https:\/\/theroyalaffair.eu\/sl\/wp-json\/wp\/v2\/pages\/24502\/revisions"}],"predecessor-version":[{"id":29835,"href":"https:\/\/theroyalaffair.eu\/sl\/wp-json\/wp\/v2\/pages\/24502\/revisions\/29835"}],"wp:attachment":[{"href":"https:\/\/theroyalaffair.eu\/sl\/wp-json\/wp\/v2\/media?parent=24502"}],"curies":[{"name":"wp","href":"https:\/\/api.w.org\/{rel}","templated":true}]}}