
{"id":350,"date":"2021-06-08T17:51:36","date_gmt":"2021-06-08T15:51:36","guid":{"rendered":"https:\/\/theroyalaffair.eu\/sl\/?page_id=350"},"modified":"2023-11-08T10:27:49","modified_gmt":"2023-11-08T09:27:49","slug":"prodajni-pogoji","status":"publish","type":"page","link":"https:\/\/theroyalaffair.eu\/sl\/prodajni-pogoji\/","title":{"rendered":"Prodajni pogoji za nakupe preko spleta"},"content":{"rendered":"\t\t<div data-elementor-type=\"wp-page\" data-elementor-id=\"350\" class=\"elementor elementor-350\" data-elementor-post-type=\"page\">\n\t\t\t\t\t\t<section class=\"elementor-section elementor-top-section elementor-element elementor-element-24f2e39 elementor-section-boxed elementor-section-height-default elementor-section-height-default\" data-id=\"24f2e39\" data-element_type=\"section\" data-e-type=\"section\">\n\t\t\t\t\t\t<div class=\"elementor-container elementor-column-gap-wide\">\n\t\t\t\t\t<div class=\"elementor-column elementor-col-100 elementor-top-column elementor-element elementor-element-9844d17\" data-id=\"9844d17\" data-element_type=\"column\" data-e-type=\"column\">\n\t\t\t<div class=\"elementor-widget-wrap elementor-element-populated\">\n\t\t\t\t\t\t<div class=\"elementor-element elementor-element-ea2384a elementor-widget elementor-widget-heading\" data-id=\"ea2384a\" data-element_type=\"widget\" data-e-type=\"widget\" data-widget_type=\"heading.default\">\n\t\t\t\t<div class=\"elementor-widget-container\">\n\t\t\t\t\t<h1 class=\"elementor-heading-title elementor-size-default\">Prodajni pogoji za nakupe preko spleta<\/h1>\t\t\t\t<\/div>\n\t\t\t\t<\/div>\n\t\t\t\t<div class=\"elementor-element elementor-element-2d6b58f elementor-widget elementor-widget-text-editor\" data-id=\"2d6b58f\" data-element_type=\"widget\" data-e-type=\"widget\" data-widget_type=\"text-editor.default\">\n\t\t\t\t<div class=\"elementor-widget-container\">\n\t\t\t\t\t\t\t\t\t<p><span style=\"font-weight: 400;\">Splo\u0161ne in ostale pogoje poslovanja dolo\u010da Domina Activa d.o.o. (ponudnik), ki blago na spletni strani theroyalaffair.eu prodaja v svojem imenu in za svoj ra\u010dun.<\/span><span style=\"font-weight: 400;\"><br \/><\/span><span style=\"font-weight: 400;\"><br \/><\/span><span style=\"font-weight: 400;\">Podatki o podjetju:<\/span><span style=\"font-weight: 400;\"><br \/><\/span><b>DOMINA ACTIVA d.o.o.<\/b><b><br \/><\/b><b>Koro\u0161ka cesta 53c<\/b><b><br \/><\/b><b>4000 Kranj<\/b><b><br \/><\/b><b>ID: SI 33096961<\/b><b><br \/><\/b><b>Dav\u010dni zavezanec: DA<\/b><\/p><p><b>REGISTRIRANI UPORABNIKI<\/b><span style=\"font-weight: 400;\"><br \/><\/span><span style=\"font-weight: 400;\">Vsak registrirani uporabnik ima svoje uporabni\u0161ko ime (elektronski naslov) in geslo, s katerima se predstavi osebno ali kot predstavnik podjetja ali organizacije. Geslo je tajno in znano le uporabniku. Uporabnik je dol\u017ean zagotoviti verodostojne podatke ter varovanje podatkov, tako da bo v njegovem imenu in z njegovim geslom nastopal le on oziroma oseba, poobla\u0161\u010dena za nastopanje v njegovem imenu.<\/span><span style=\"font-weight: 400;\"><br \/><\/span><span style=\"font-weight: 400;\"><br \/><\/span><span style=\"font-weight: 400;\">Registrirani uporabniki lahko:<\/span><\/p><ul><li style=\"font-weight: 400;\" aria-level=\"1\"><span style=\"font-weight: 400;\">kupujejo v spletni trgovini theroyalaffair.eu<\/span><\/li><li style=\"font-weight: 400;\" aria-level=\"1\"><span style=\"font-weight: 400;\">so dele\u017eni drugih ugodnosti, ki so navedene na spletni strani theroyalaffair.eu<\/span><\/li><\/ul><p><b>SPLO\u0160NI POGOJI<\/b><span style=\"font-weight: 400;\"><br \/><\/span><span style=\"font-weight: 400;\">Kupec je lahko fizi\u010dna ali pravna oseba, upo\u0161tevajo\u010d podatke posredovane ob registraciji in oddaji naro\u010dila. Fizi\u010dna oseba je izklju\u010dno tisti registrirani uporabnik, ki pridobiva ali uporablja blago in storitve za namene zunaj njegove poklicne ali pridobitne dejavnosti.<\/span><\/p><p><span style=\"font-weight: 400;\">Kupec z registracijo potrjuje, da sprejema splo\u0161ne pogoje poslovanja objavljene na tej strani in druge objavljene pogoje ter spremembe, ki jih bo upravitelj objavil na teh straneh.<\/span><\/p><p><span style=\"font-weight: 400;\">Domina Activa d.o.o. in kupec medsebojne obveznosti urejata s temi splo\u0161nimi pogoji in z Zakonom o varstvu potro\u0161nikov.<\/span><\/p><p><b>KOMERCIALNI POGOJI<\/b><span style=\"font-weight: 400;\"><br \/><\/span><span style=\"font-weight: 400;\">Cene:<\/span><\/p><ul><li style=\"font-weight: 400;\" aria-level=\"1\"><span style=\"font-weight: 400;\">va\u0161a cena: cena priporo\u010dena s strani distributerja,<\/span><\/li><li style=\"font-weight: 400;\" aria-level=\"1\"><span style=\"font-weight: 400;\">zni\u017eana cena: je zni\u017eana redna cena po kateri se prodaja predstavljeni artikel za dolo\u010den ali nedolo\u010den \u010das.<\/span><\/li><\/ul><p><b>Imetniki VREDNOSTNIH KOD ob registraciji vnesejo tudi KODO izpisano na vav\u010derju, kar prina\u0161a ugodnosti navedene v komunikacijskih sporo\u010dilih Popusti se med seboj ne se\u0161tevajo, v enem naro\u010dilu lahko uporabite le eno vrednostno kodo.<\/b><\/p><p><span style=\"font-weight: 400;\">Vse cene vklju\u010dujejo DDV. Objavljene cene se lahko spremenijo brez predhodnega obvestila. Za posamezne nakupe veljajo cene v trenutku oddaje naro\u010dila, razen v primeru napake pri ceni. Kljub nenehnemu preverjanju pravilnosti objavljenih podatkov, se namre\u010d lahko zgodi, da je objavljena cena ali zaloga napa\u010dna. O morebitni napaki bomo kupca nemudoma obvestili (po elektronski po\u0161ti ali telefonsko) in poizku\u0161ali najti re\u0161itev v obojestransko zadovoljstvo.<\/span><\/p><p><span style=\"font-weight: 400;\">Kupoprodajna pogodba med kupcem in ponudnikom je sklenjena, ko kupec pla\u010da znesek prejetega predra\u010duna. Kupcu je po elektronski po\u0161ti posredovano tudi mesto na stre\u017eniku ponudnika, kjer je shranjena pogodba\/predra\u010dun. S prijavo, kupec v svojem profilu lahko dostopa tudi do arhiva svojih naro\u010dil\/nakupov .<\/span><span style=\"font-weight: 400;\"><br \/><\/span><span style=\"font-weight: 400;\">Kupec v prejeti po\u0161iljki prejme ra\u010dun na katerem so poleg specifikacije stro\u0161kov tudi navodila za morebiten odstop od pogodbe\/nakupa.<\/span><\/p><p><span style=\"font-weight: 400;\">V kolikor kupec izbere na\u010din pla\u010dila po predra\u010dunu ima na voljo 8 dni za pla\u010dilo ra\u010duna, v tem \u010dasu tudi garantiramo zalogo naro\u010denih izdelkov.\u00a0 V kolikor pla\u010dilo ni opravljamo si pridru\u017eujemo pravico do odpovedi naro\u010dila.<\/span><\/p><p><b>ZAVRNITEV NARO\u010cILA<\/b><span style=\"font-weight: 400;\"><br \/><\/span><span style=\"font-weight: 400;\">Domina Activa d.o.o. lahko naro\u010dilo za katerega ugotovi, da ga pod navedenimi pogoji ne more izvesti, zavrne.<\/span><\/p><p><b>ODSTOP OD POGODBE\/NAKUPA<\/b><span style=\"font-weight: 400;\"><br \/><\/span><span style=\"font-weight: 400;\">Fizi\u010dne osebe, ki sklenejo pogodbo\/nakup na daljavo skladno z Zakonom o varstvu potro\u0161nikov, imajo pravico, da najkasneje v petnajstih dneh od prevzema blaga na naslov <\/span><span style=\"font-weight: 400;\">meetus@theroyalaffair.eu<\/span><span style=\"font-weight: 400;\">\u00a0sporo\u010dijo, da odstopajo od pogodbe\/nakupa, ne da bi jim bilo treba navesti razlog za svojo odlo\u010ditev. Vrnitev prejetega naro\u010dila na na\u0161 naslov v roku za odstop (15 dni), se \u0161teje za sporo\u010dilo o odstopu od pogodbe\/nakupa. V primeru, ko kupec odstopi od pogodbe\/nakupa s sporo\u010dilom na<\/span><span style=\"font-weight: 400;\"> meetus@theroyalaffair.eu<\/span><span style=\"font-weight: 400;\">\u00a0, mora prejeto blago\u00a0 na na\u0161 naslov vrniti v 30 dneh po sporo\u010dilu. Domina Activa d.o.o bo znesek prejetega pla\u010dila (stro\u0161ek po\u0161tnine ni vklju\u010den) za vrnjeno blago nakazal kupcu v treh dneh po prejemu vrnjenega blaga. V kolikor kupec izdelek za\u010dne uporabljati, pa si premisli, izgubi pravico do odstopa od pogodbe\/nakupa. Tudi sicer mora prejeto blago vrniti nepo\u0161kodovano in v nespremenjeni koli\u010dini, razen \u010de je blago uni\u010deno, pokvarjeno, izgubljeno ali se je njegova koli\u010dina zmanj\u0161ala, ne da bi bil za to kriv kupec. Stro\u0161ke vra\u010dila blaga pla\u010da kupec.<\/span><\/p><p><span style=\"font-weight: 400;\">\u010ce naro\u010dilo izvede pravna ali fizi\u010dna oseba, ki opravlja pridobitno dejavnost, ne glede na njeno pravnoorganizacijsko obliko ali lastninsko pripadnost ter v primerih, ko nakup ni izveden na osnovi pogodbe, sklenjene na daljavo, dolo\u010dila prej\u0161njega odstavka ne veljajo. Morebitne zahtevke za vra\u010dilo blaga bomo v teh in podobnih primerih obravnavali individualno in pri tem v najve\u010dji mo\u017eni meri upo\u0161tevali vse razloge in okoli\u0161\u010dine.<\/span><\/p><p><b>NARO\u010cILO NA E-NOVI\u010cKE<\/b><br \/><span style=\"font-weight: 400;\">Z naro\u010dilom sogla\u0161ate, da vam ob\u010dasno na elektronski naslov lahko po\u0161iljam uporabne novosti in na\u0161o ugodno ponudbo. Od prejemanja vseh oblik obvestil se lahko kadarkoli brezpogojno odjavite.<\/span><span style=\"font-weight: 400;\"><br \/><\/span><span style=\"font-weight: 400;\"><br \/><\/span><b>GARANCIJA<\/b><span style=\"font-weight: 400;\"><br \/><\/span><span style=\"font-weight: 400;\">Za izdelke kupljene v na\u0161i spletni trgovini, veljajo vsi garancijski pogoji v skladu s slovensko zakonodajo. Garancija je mo\u017eno uveljaviti le ob predlo\u017eitvi ra\u010duna.<\/span><\/p><p><span style=\"font-weight: 400;\">Pridr\u017eujemo si pravico do vsebinskih in drugih sprememb, tako splo\u0161nih pogojev, kot tudi pogojev spletne trgovine. Kljub nenehni skrbi za a\u017eurnost in pravilnost objavljenih gradiv, so vsebinske napake spletne strani so mo\u017ene in zanje ne prevzemamo odgovornosti.<\/span><\/p><p><span style=\"font-weight: 400;\">Trudimo se zagotoviti kar najbolj\u0161e fotografije prodajanih artiklov, a je kljub temu potrebno fotografije jemati kot simboli\u010dne.<\/span><\/p><p><b>AVTORSKE PRAVICE<\/b><span style=\"font-weight: 400;\"><br \/><\/span><span style=\"font-weight: 400;\">Objavljene vsebine so ali v lasti podjetja Domina Activa d.o.o., ali ima podjetje za objavo soglasje avtorja. Vsakr\u0161no kopiranje, navajanje, presnemavanje, posnemanje in raz\u0161irjanje brez vednosti podjetja Domina Activa d.o.o je prepovedano.<\/span><\/p><p><b>KODEKS PO ZEPT<\/b><span style=\"font-weight: 400;\"><br \/><\/span><span style=\"font-weight: 400;\">Domina Activa d.o.o. posluje v skladu z Zakonom o elektronskem poslovanju na trgu (ZEPT) in na njegovi podlagi sprejetimi predpisi.<\/span><\/p>\t\t\t\t\t\t\t\t<\/div>\n\t\t\t\t<\/div>\n\t\t\t\t\t<\/div>\n\t\t<\/div>\n\t\t\t\t\t<\/div>\n\t\t<\/section>\n\t\t\t\t<\/div>\n\t\t","protected":false},"excerpt":{"rendered":"<p>Prodajni pogoji za nakupe preko spleta Splo\u0161ne in ostale pogoje poslovanja dolo\u010da Domina Activa d.o.o. (ponudnik), ki blago na spletni strani theroyalaffair.eu prodaja v svojem imenu in za svoj ra\u010dun. Podatki o podjetju: DOMINA ACTIVA d.o.o. Koro\u0161ka cesta 53c 4000 Kranj ID: SI 33096961 Dav\u010dni zavezanec: DA REGISTRIRANI UPORABNIKI Vsak registrirani uporabnik ima svoje uporabni\u0161ko [&hellip;]<\/p>\n","protected":false},"author":237,"featured_media":0,"parent":0,"menu_order":0,"comment_status":"closed","ping_status":"closed","template":"elementor_header_footer","meta":{"_acf_changed":false,"site-sidebar-layout":"no-sidebar","site-content-layout":"default","ast-site-content-layout":"default","site-content-style":"default","site-sidebar-style":"default","ast-global-header-display":"","ast-banner-title-visibility":"","ast-main-header-display":"","ast-hfb-above-header-display":"","ast-hfb-below-header-display":"","ast-hfb-mobile-header-display":"","site-post-title":"disabled","ast-breadcrumbs-content":"","ast-featured-img":"disabled","footer-sml-layout":"","ast-disable-related-posts":"","theme-transparent-header-meta":"default","adv-header-id-meta":"","stick-header-meta":"default","header-above-stick-meta":"","header-main-stick-meta":"","header-below-stick-meta":"","astra-migrate-meta-layouts":"default","ast-page-background-enabled":"default","ast-page-background-meta":{"desktop":{"background-color":"","background-image":"","background-repeat":"repeat","background-position":"center center","background-size":"auto","background-attachment":"scroll","background-type":"","background-media":"","overlay-type":"","overlay-color":"","overlay-opacity":"","overlay-gradient":""},"tablet":{"background-color":"","background-image":"","background-repeat":"repeat","background-position":"center center","background-size":"auto","background-attachment":"scroll","background-type":"","background-media":"","overlay-type":"","overlay-color":"","overlay-opacity":"","overlay-gradient":""},"mobile":{"background-color":"","background-image":"","background-repeat":"repeat","background-position":"center center","background-size":"auto","background-attachment":"scroll","background-type":"","background-media":"","overlay-type":"","overlay-color":"","overlay-opacity":"","overlay-gradient":""}},"ast-content-background-meta":{"desktop":{"background-color":"var(--ast-global-color-5)","background-image":"","background-repeat":"repeat","background-position":"center center","background-size":"auto","background-attachment":"scroll","background-type":"","background-media":"","overlay-type":"","overlay-color":"","overlay-opacity":"","overlay-gradient":""},"tablet":{"background-color":"var(--ast-global-color-5)","background-image":"","background-repeat":"repeat","background-position":"center center","background-size":"auto","background-attachment":"scroll","background-type":"","background-media":"","overlay-type":"","overlay-color":"","overlay-opacity":"","overlay-gradient":""},"mobile":{"background-color":"var(--ast-global-color-5)","background-image":"","background-repeat":"repeat","background-position":"center center","background-size":"auto","background-attachment":"scroll","background-type":"","background-media":"","overlay-type":"","overlay-color":"","overlay-opacity":"","overlay-gradient":""}},"footnotes":""},"class_list":["post-350","page","type-page","status-publish","hentry"],"acf":[],"_links":{"self":[{"href":"https:\/\/theroyalaffair.eu\/sl\/wp-json\/wp\/v2\/pages\/350","targetHints":{"allow":["GET"]}}],"collection":[{"href":"https:\/\/theroyalaffair.eu\/sl\/wp-json\/wp\/v2\/pages"}],"about":[{"href":"https:\/\/theroyalaffair.eu\/sl\/wp-json\/wp\/v2\/types\/page"}],"author":[{"embeddable":true,"href":"https:\/\/theroyalaffair.eu\/sl\/wp-json\/wp\/v2\/users\/237"}],"replies":[{"embeddable":true,"href":"https:\/\/theroyalaffair.eu\/sl\/wp-json\/wp\/v2\/comments?post=350"}],"version-history":[{"count":0,"href":"https:\/\/theroyalaffair.eu\/sl\/wp-json\/wp\/v2\/pages\/350\/revisions"}],"wp:attachment":[{"href":"https:\/\/theroyalaffair.eu\/sl\/wp-json\/wp\/v2\/media?parent=350"}],"curies":[{"name":"wp","href":"https:\/\/api.w.org\/{rel}","templated":true}]}}