
{"id":357,"date":"2021-06-08T17:58:34","date_gmt":"2021-06-08T15:58:34","guid":{"rendered":"https:\/\/theroyalaffair.eu\/sl\/?page_id=357"},"modified":"2024-01-09T12:39:45","modified_gmt":"2024-01-09T11:39:45","slug":"pogosta-vprasanja","status":"publish","type":"page","link":"https:\/\/theroyalaffair.eu\/sl\/pogosta-vprasanja\/","title":{"rendered":"Pogosta vpra\u0161anja"},"content":{"rendered":"\t\t<div data-elementor-type=\"wp-page\" data-elementor-id=\"357\" class=\"elementor elementor-357\" data-elementor-post-type=\"page\">\n\t\t\t\t\t\t<section class=\"elementor-section elementor-top-section elementor-element elementor-element-fc66b8b elementor-section-boxed elementor-section-height-default elementor-section-height-default\" data-id=\"fc66b8b\" data-element_type=\"section\" data-e-type=\"section\">\n\t\t\t\t\t\t<div class=\"elementor-container elementor-column-gap-wide\">\n\t\t\t\t\t<div class=\"elementor-column elementor-col-100 elementor-top-column elementor-element elementor-element-2dad4d7\" data-id=\"2dad4d7\" data-element_type=\"column\" data-e-type=\"column\">\n\t\t\t<div class=\"elementor-widget-wrap elementor-element-populated\">\n\t\t\t\t\t\t<div class=\"elementor-element elementor-element-18b2999 elementor-widget elementor-widget-heading\" data-id=\"18b2999\" data-element_type=\"widget\" data-e-type=\"widget\" data-widget_type=\"heading.default\">\n\t\t\t\t<div class=\"elementor-widget-container\">\n\t\t\t\t\t<h1 class=\"elementor-heading-title elementor-size-default\">Pogosta vpra\u0161anja<\/h1>\t\t\t\t<\/div>\n\t\t\t\t<\/div>\n\t\t\t\t<div class=\"elementor-element elementor-element-bb32468 elementor-widget elementor-widget-text-editor\" data-id=\"bb32468\" data-element_type=\"widget\" data-e-type=\"widget\" data-widget_type=\"text-editor.default\">\n\t\t\t\t<div class=\"elementor-widget-container\">\n\t\t\t\t\t\t\t\t\t<p><b><em>1. V kolikem \u010dasu dobim naro\u010den izdelek?<\/em>\u00a0<\/b><span style=\"font-weight: 400;\"><br \/><\/span><span style=\"font-weight: 400;\">Naro\u010dilo bo dostavljeno v roku 3. delovnih dni v kolikor je izdelek na zalogi. \u010ce \u017eelenega izdelka nimamo na zalogi vas bomo osebno kontaktirali in sporo\u010dili rok dobave.<\/span><\/p><p><b><i>2. Kdo mi dostavi paket?<\/i><\/b><span style=\"font-weight: 400;\"><br \/><\/span><span style=\"font-weight: 400;\">Paket vam dostavi Po\u0161ta Slovenije.<\/span><\/p><p><b><i>3. Ali lahko naro\u010dilo opravim preko telefona?\u00a0<\/i><\/b><span style=\"font-weight: 400;\"><br \/><\/span><span style=\"font-weight: 400;\">Naro\u010dilo lahko opravite le direktno preko spletne trgovine, preko telefona 04 202 15 44 naro\u010dila sprejemamo le v primeru, da imate te\u017eave pri prijavi ali potrebujete dodatno pomo\u010d.<\/span><\/p><p><b><i>4. Ali je po\u0161tnina vi\u0161ja, \u010de naro\u010dim ve\u010dje \u0161tevilo izdelkov?\u00a0<\/i><\/b><span style=\"font-weight: 400;\"><br \/><\/span><span style=\"font-weight: 400;\">Stro\u0161ek po\u0161tnine je fiksen (4,00 \u20ac) in ni odvisen od koli\u010dine naro\u010denih izdelkov. Ob naro\u010dilih nad 60 \u20ac, pa je po\u0161tnina brezpla\u010dna!<\/span><\/p><p><b><i>5. Kako pla\u010dam paket?<\/i><\/b><span style=\"font-weight: 400;\"><br \/><\/span><span style=\"font-weight: 400;\">Izbirate lahko med tremi pla\u010dilnimi metodami. Pla\u010dilo s kreditno oz. pla\u010dilno kartico, direktno nakazilo na TRR ra\u010dun ter Paypal.<\/span><\/p><p><b><i>6. Produkti, ki sem jih izbrala mi ne ustrezajo, jih lahko vrnem?<\/i><\/b><span style=\"font-weight: 400;\"><br \/><\/span><span style=\"font-weight: 400;\">Neuporabljene in nepo\u0161kodovane izdelke lahko po\u0161ljete nazaj na na\u0161 naslov. Pripi\u0161ite svoj naslov in TRR, izdelke vam v kolikor niso uporabljena brezpogojno zamenjamo ali pa vam vrnemo denar.<\/span><\/p>\t\t\t\t\t\t\t\t<\/div>\n\t\t\t\t<\/div>\n\t\t\t\t\t<\/div>\n\t\t<\/div>\n\t\t\t\t\t<\/div>\n\t\t<\/section>\n\t\t\t\t<\/div>\n\t\t","protected":false},"excerpt":{"rendered":"<p>Pogosta vpra\u0161anja 1. V kolikem \u010dasu dobim naro\u010den izdelek?\u00a0Naro\u010dilo bo dostavljeno v roku 3. delovnih dni v kolikor je izdelek na zalogi. \u010ce \u017eelenega izdelka nimamo na zalogi vas bomo osebno kontaktirali in sporo\u010dili rok dobave. 2. Kdo mi dostavi paket?Paket vam dostavi Po\u0161ta Slovenije. 3. Ali lahko naro\u010dilo opravim preko telefona?\u00a0Naro\u010dilo lahko opravite le [&hellip;]<\/p>\n","protected":false},"author":237,"featured_media":0,"parent":0,"menu_order":0,"comment_status":"closed","ping_status":"closed","template":"elementor_header_footer","meta":{"_acf_changed":false,"site-sidebar-layout":"no-sidebar","site-content-layout":"default","ast-site-content-layout":"default","site-content-style":"default","site-sidebar-style":"default","ast-global-header-display":"","ast-banner-title-visibility":"","ast-main-header-display":"","ast-hfb-above-header-display":"","ast-hfb-below-header-display":"","ast-hfb-mobile-header-display":"","site-post-title":"disabled","ast-breadcrumbs-content":"","ast-featured-img":"disabled","footer-sml-layout":"","ast-disable-related-posts":"","theme-transparent-header-meta":"default","adv-header-id-meta":"","stick-header-meta":"default","header-above-stick-meta":"","header-main-stick-meta":"","header-below-stick-meta":"","astra-migrate-meta-layouts":"default","ast-page-background-enabled":"default","ast-page-background-meta":{"desktop":{"background-color":"","background-image":"","background-repeat":"repeat","background-position":"center center","background-size":"auto","background-attachment":"scroll","background-type":"","background-media":"","overlay-type":"","overlay-color":"","overlay-opacity":"","overlay-gradient":""},"tablet":{"background-color":"","background-image":"","background-repeat":"repeat","background-position":"center center","background-size":"auto","background-attachment":"scroll","background-type":"","background-media":"","overlay-type":"","overlay-color":"","overlay-opacity":"","overlay-gradient":""},"mobile":{"background-color":"","background-image":"","background-repeat":"repeat","background-position":"center center","background-size":"auto","background-attachment":"scroll","background-type":"","background-media":"","overlay-type":"","overlay-color":"","overlay-opacity":"","overlay-gradient":""}},"ast-content-background-meta":{"desktop":{"background-color":"var(--ast-global-color-5)","background-image":"","background-repeat":"repeat","background-position":"center center","background-size":"auto","background-attachment":"scroll","background-type":"","background-media":"","overlay-type":"","overlay-color":"","overlay-opacity":"","overlay-gradient":""},"tablet":{"background-color":"var(--ast-global-color-5)","background-image":"","background-repeat":"repeat","background-position":"center center","background-size":"auto","background-attachment":"scroll","background-type":"","background-media":"","overlay-type":"","overlay-color":"","overlay-opacity":"","overlay-gradient":""},"mobile":{"background-color":"var(--ast-global-color-5)","background-image":"","background-repeat":"repeat","background-position":"center center","background-size":"auto","background-attachment":"scroll","background-type":"","background-media":"","overlay-type":"","overlay-color":"","overlay-opacity":"","overlay-gradient":""}},"footnotes":""},"class_list":["post-357","page","type-page","status-publish","hentry"],"acf":[],"_links":{"self":[{"href":"https:\/\/theroyalaffair.eu\/sl\/wp-json\/wp\/v2\/pages\/357","targetHints":{"allow":["GET"]}}],"collection":[{"href":"https:\/\/theroyalaffair.eu\/sl\/wp-json\/wp\/v2\/pages"}],"about":[{"href":"https:\/\/theroyalaffair.eu\/sl\/wp-json\/wp\/v2\/types\/page"}],"author":[{"embeddable":true,"href":"https:\/\/theroyalaffair.eu\/sl\/wp-json\/wp\/v2\/users\/237"}],"replies":[{"embeddable":true,"href":"https:\/\/theroyalaffair.eu\/sl\/wp-json\/wp\/v2\/comments?post=357"}],"version-history":[{"count":0,"href":"https:\/\/theroyalaffair.eu\/sl\/wp-json\/wp\/v2\/pages\/357\/revisions"}],"wp:attachment":[{"href":"https:\/\/theroyalaffair.eu\/sl\/wp-json\/wp\/v2\/media?parent=357"}],"curies":[{"name":"wp","href":"https:\/\/api.w.org\/{rel}","templated":true}]}}