
{"id":40,"date":"2021-05-31T12:02:44","date_gmt":"2021-05-31T10:02:44","guid":{"rendered":"https:\/\/theroyalaffair.eu\/sl\/?page_id=40"},"modified":"2025-07-29T10:09:06","modified_gmt":"2025-07-29T08:09:06","slug":"nasa-zgodba","status":"publish","type":"page","link":"https:\/\/theroyalaffair.eu\/sl\/nasa-zgodba\/","title":{"rendered":"O nas"},"content":{"rendered":"\t\t<div data-elementor-type=\"wp-page\" data-elementor-id=\"40\" class=\"elementor elementor-40\" data-elementor-post-type=\"page\">\n\t\t\t\t\t\t<section class=\"elementor-section elementor-top-section elementor-element elementor-element-3d92040 elementor-section-content-middle elementor-section-full_width elementor-section-height-default elementor-section-height-default\" data-id=\"3d92040\" data-element_type=\"section\" data-e-type=\"section\">\n\t\t\t\t\t\t<div class=\"elementor-container elementor-column-gap-default\">\n\t\t\t\t\t<div class=\"elementor-column elementor-col-50 elementor-top-column elementor-element elementor-element-17bf0c1\" data-id=\"17bf0c1\" data-element_type=\"column\" data-e-type=\"column\">\n\t\t\t<div class=\"elementor-widget-wrap elementor-element-populated\">\n\t\t\t\t\t\t<div class=\"elementor-element elementor-element-5258c8f elementor-widget elementor-widget-image\" data-id=\"5258c8f\" data-element_type=\"widget\" data-e-type=\"widget\" data-widget_type=\"image.default\">\n\t\t\t\t<div class=\"elementor-widget-container\">\n\t\t\t\t\t\t\t\t\t\t\t\t\t\t\t<img decoding=\"async\" src=\"https:\/\/theroyalaffair.eu\/sl\/wp-content\/uploads\/sites\/2\/elementor\/thumbs\/neli-zovko-the-royal-affair-zgodba-pnvrb29j292m7ctt230p1wshhvam5t70xlmissmgao.jpg\" title=\"\" alt=\"\" loading=\"lazy\" \/>\t\t\t\t\t\t\t\t\t\t\t\t\t\t\t<\/div>\n\t\t\t\t<\/div>\n\t\t\t\t\t<\/div>\n\t\t<\/div>\n\t\t\t\t<div class=\"elementor-column elementor-col-50 elementor-top-column elementor-element elementor-element-5be2d23\" data-id=\"5be2d23\" data-element_type=\"column\" data-e-type=\"column\" data-settings=\"{&quot;background_background&quot;:&quot;classic&quot;}\">\n\t\t\t<div class=\"elementor-widget-wrap elementor-element-populated\">\n\t\t\t\t\t\t<div class=\"elementor-element elementor-element-2ffa644 elementor-widget elementor-widget-heading\" data-id=\"2ffa644\" data-element_type=\"widget\" data-e-type=\"widget\" data-widget_type=\"heading.default\">\n\t\t\t\t<div class=\"elementor-widget-container\">\n\t\t\t\t\t<h1 class=\"elementor-heading-title elementor-size-default\">Zgodba o \u017eenski in njeni predanosti negi las.<\/h1>\t\t\t\t<\/div>\n\t\t\t\t<\/div>\n\t\t\t\t<div class=\"elementor-element elementor-element-d36f934 elementor-align-left elementor-mobile-align-center elementor-widget elementor-widget-button\" data-id=\"d36f934\" data-element_type=\"widget\" data-e-type=\"widget\" data-widget_type=\"button.default\">\n\t\t\t\t<div class=\"elementor-widget-container\">\n\t\t\t\t\t\t\t\t\t<div class=\"elementor-button-wrapper\">\n\t\t\t\t\t<a class=\"elementor-button elementor-button-link elementor-size-sm\" href=\"#story\">\n\t\t\t\t\t\t<span class=\"elementor-button-content-wrapper\">\n\t\t\t\t\t\t\t\t\t<span class=\"elementor-button-text\">Preberi ve\u010d<\/span>\n\t\t\t\t\t<\/span>\n\t\t\t\t\t<\/a>\n\t\t\t\t<\/div>\n\t\t\t\t\t\t\t\t<\/div>\n\t\t\t\t<\/div>\n\t\t\t\t\t<\/div>\n\t\t<\/div>\n\t\t\t\t\t<\/div>\n\t\t<\/section>\n\t\t\t\t<section class=\"elementor-section elementor-top-section elementor-element elementor-element-6152b9c elementor-section-boxed elementor-section-height-default elementor-section-height-default\" data-id=\"6152b9c\" data-element_type=\"section\" data-e-type=\"section\">\n\t\t\t\t\t\t<div class=\"elementor-container elementor-column-gap-default\">\n\t\t\t\t\t<div class=\"elementor-column elementor-col-50 elementor-top-column elementor-element elementor-element-58306b4\" data-id=\"58306b4\" data-element_type=\"column\" data-e-type=\"column\">\n\t\t\t<div class=\"elementor-widget-wrap elementor-element-populated\">\n\t\t\t\t\t\t<div class=\"elementor-element elementor-element-35514e1 elementor-widget elementor-widget-menu-anchor\" data-id=\"35514e1\" data-element_type=\"widget\" data-e-type=\"widget\" data-widget_type=\"menu-anchor.default\">\n\t\t\t\t<div class=\"elementor-widget-container\">\n\t\t\t\t\t\t\t<div class=\"elementor-menu-anchor\" id=\"story\"><\/div>\n\t\t\t\t\t\t<\/div>\n\t\t\t\t<\/div>\n\t\t\t\t<div class=\"elementor-element elementor-element-33ac58b elementor-widget elementor-widget-heading\" data-id=\"33ac58b\" data-element_type=\"widget\" data-e-type=\"widget\" data-widget_type=\"heading.default\">\n\t\t\t\t<div class=\"elementor-widget-container\">\n\t\t\t\t\t<h2 class=\"elementor-heading-title elementor-size-default\">The Royal Affair je nastala druga\u010de kot ve\u010dina znamk za nego las. Njeni izdelki namre\u010d prvotno niso bili ustvarjeni za komercialne namene.<\/h2>\t\t\t\t<\/div>\n\t\t\t\t<\/div>\n\t\t\t\t<div class=\"elementor-element elementor-element-2390204 elementor-widget elementor-widget-text-editor\" data-id=\"2390204\" data-element_type=\"widget\" data-e-type=\"widget\" data-widget_type=\"text-editor.default\">\n\t\t\t\t<div class=\"elementor-widget-container\">\n\t\t\t\t\t\t\t\t\t<p>TRA je nastala zaradi nenasitne \u017eelje Neli Zovko po tem, da bi na\u0161la ustrezno nego za svoje ob\u010dutljive in \u201cneukrotljive\u201d lase. \u017delela je, da jih ta u\u010dinkovito obnovi in nahrani.<\/p><p>Po desetih letih raziskovanja, preu\u010devanja in preizku\u0161anja najbolj\u0161ih naravnih sestavin po vsem svetu, so Neli v Maroku o\u010darale neverjetne prednosti kane \u2013 ro\u017ee, ki je postala klju\u010dni del obnove njenih las. In tako se je rodil The Royal Affair!<\/p><p>Na\u0161a linija izdelkov, sofisticirana, a trajnostna, je plod poglobljenega znanja nege las in je skrbno ustvarjena v enem izmed najnaprednej\u0161ih kozmeti\u010dnih laboratorijev.<\/p><p>Razliko med na\u0161imi izdelki in izdelki drugih blagovnih znamk (poleg tega, da ne uporabljamo \u0161kodljivih sestavin) predstavlja visok odstotek aktivnih sestavin v njih, zaradi \u010desar je The Royal Affair sinonim skrbi zase tudi za najbolj zahtevne lepotne navdu\u0161enke na svetu.<\/p>\t\t\t\t\t\t\t\t<\/div>\n\t\t\t\t<\/div>\n\t\t\t\t<div class=\"elementor-element elementor-element-dbc8c49 elementor-align-left elementor-mobile-align-center elementor-widget elementor-widget-button\" data-id=\"dbc8c49\" data-element_type=\"widget\" data-e-type=\"widget\" data-widget_type=\"button.default\">\n\t\t\t\t<div class=\"elementor-widget-container\">\n\t\t\t\t\t\t\t\t\t<div class=\"elementor-button-wrapper\">\n\t\t\t\t\t<a class=\"elementor-button elementor-button-link elementor-size-sm\" href=\"https:\/\/theroyalaffair.eu\/sl\/trgovina\/\">\n\t\t\t\t\t\t<span class=\"elementor-button-content-wrapper\">\n\t\t\t\t\t\t\t\t\t<span class=\"elementor-button-text\">Kupi zdaj<\/span>\n\t\t\t\t\t<\/span>\n\t\t\t\t\t<\/a>\n\t\t\t\t<\/div>\n\t\t\t\t\t\t\t\t<\/div>\n\t\t\t\t<\/div>\n\t\t\t\t\t<\/div>\n\t\t<\/div>\n\t\t\t\t<div class=\"elementor-column elementor-col-50 elementor-top-column elementor-element elementor-element-ee758a9\" data-id=\"ee758a9\" data-element_type=\"column\" data-e-type=\"column\">\n\t\t\t<div class=\"elementor-widget-wrap elementor-element-populated\">\n\t\t\t\t\t\t<div class=\"elementor-element elementor-element-87183d6 elementor-widget elementor-widget-image\" data-id=\"87183d6\" data-element_type=\"widget\" data-e-type=\"widget\" data-widget_type=\"image.default\">\n\t\t\t\t<div class=\"elementor-widget-container\">\n\t\t\t\t\t\t\t\t\t\t\t\t\t\t\t<img fetchpriority=\"high\" decoding=\"async\" width=\"983\" height=\"1250\" src=\"https:\/\/theroyalaffair.eu\/sl\/wp-content\/uploads\/sites\/2\/2022\/04\/neli-zovko-02.jpg\" class=\"attachment-full size-full wp-image-2427\" alt=\"\" srcset=\"https:\/\/theroyalaffair.eu\/sl\/wp-content\/uploads\/sites\/2\/2022\/04\/neli-zovko-02.jpg 983w, https:\/\/theroyalaffair.eu\/sl\/wp-content\/uploads\/sites\/2\/2022\/04\/neli-zovko-02-236x300.jpg 236w, https:\/\/theroyalaffair.eu\/sl\/wp-content\/uploads\/sites\/2\/2022\/04\/neli-zovko-02-805x1024.jpg 805w, https:\/\/theroyalaffair.eu\/sl\/wp-content\/uploads\/sites\/2\/2022\/04\/neli-zovko-02-768x977.jpg 768w, https:\/\/theroyalaffair.eu\/sl\/wp-content\/uploads\/sites\/2\/2022\/04\/neli-zovko-02-600x763.jpg 600w\" sizes=\"(max-width: 983px) 100vw, 983px\" \/>\t\t\t\t\t\t\t\t\t\t\t\t\t\t\t<\/div>\n\t\t\t\t<\/div>\n\t\t\t\t<div class=\"elementor-element elementor-element-a7414f9 e-transform elementor-widget elementor-widget-image\" data-id=\"a7414f9\" data-element_type=\"widget\" data-e-type=\"widget\" data-settings=\"{&quot;_transform_translateX_effect&quot;:{&quot;unit&quot;:&quot;px&quot;,&quot;size&quot;:127,&quot;sizes&quot;:[]},&quot;_transform_translateX_effect_tablet&quot;:{&quot;unit&quot;:&quot;px&quot;,&quot;size&quot;:85,&quot;sizes&quot;:[]},&quot;_transform_translateX_effect_mobile&quot;:{&quot;unit&quot;:&quot;px&quot;,&quot;size&quot;:65,&quot;sizes&quot;:[]},&quot;_transform_translateY_effect&quot;:{&quot;unit&quot;:&quot;px&quot;,&quot;size&quot;:-127,&quot;sizes&quot;:[]},&quot;_transform_translateY_effect_tablet&quot;:{&quot;unit&quot;:&quot;px&quot;,&quot;size&quot;:-99,&quot;sizes&quot;:[]},&quot;_transform_translateY_effect_mobile&quot;:{&quot;unit&quot;:&quot;px&quot;,&quot;size&quot;:-76,&quot;sizes&quot;:[]}}\" data-widget_type=\"image.default\">\n\t\t\t\t<div class=\"elementor-widget-container\">\n\t\t\t\t\t\t\t\t\t\t\t\t\t\t\t<img decoding=\"async\" width=\"816\" height=\"954\" src=\"https:\/\/theroyalaffair.eu\/sl\/wp-content\/uploads\/sites\/2\/2022\/04\/neli-zovko-03.jpg\" class=\"attachment-full size-full wp-image-2428\" alt=\"\" srcset=\"https:\/\/theroyalaffair.eu\/sl\/wp-content\/uploads\/sites\/2\/2022\/04\/neli-zovko-03.jpg 816w, https:\/\/theroyalaffair.eu\/sl\/wp-content\/uploads\/sites\/2\/2022\/04\/neli-zovko-03-257x300.jpg 257w, https:\/\/theroyalaffair.eu\/sl\/wp-content\/uploads\/sites\/2\/2022\/04\/neli-zovko-03-768x898.jpg 768w, https:\/\/theroyalaffair.eu\/sl\/wp-content\/uploads\/sites\/2\/2022\/04\/neli-zovko-03-600x701.jpg 600w\" sizes=\"(max-width: 816px) 100vw, 816px\" \/>\t\t\t\t\t\t\t\t\t\t\t\t\t\t\t<\/div>\n\t\t\t\t<\/div>\n\t\t\t\t\t<\/div>\n\t\t<\/div>\n\t\t\t\t\t<\/div>\n\t\t<\/section>\n\t\t\t\t<section class=\"elementor-section elementor-top-section elementor-element elementor-element-6b36f7a elementor-section-full_width elementor-section-height-default elementor-section-height-default\" data-id=\"6b36f7a\" data-element_type=\"section\" data-e-type=\"section\">\n\t\t\t\t\t\t<div class=\"elementor-container elementor-column-gap-no\">\n\t\t\t\t\t<div class=\"elementor-column elementor-col-100 elementor-top-column elementor-element elementor-element-fb0f7a7\" data-id=\"fb0f7a7\" data-element_type=\"column\" data-e-type=\"column\">\n\t\t\t<div class=\"elementor-widget-wrap elementor-element-populated\">\n\t\t\t\t\t\t<div class=\"elementor-element elementor-element-e7b549b elementor-widget elementor-widget-template\" data-id=\"e7b549b\" data-element_type=\"widget\" data-e-type=\"widget\" data-widget_type=\"template.default\">\n\t\t\t\t<div class=\"elementor-widget-container\">\n\t\t\t\t\t\t\t<div class=\"elementor-template\">\n\t\t\t\t\t<div data-elementor-type=\"section\" data-elementor-id=\"4999\" class=\"elementor elementor-4999\" data-elementor-post-type=\"elementor_library\">\n\t\t\t\t\t<section class=\"elementor-section elementor-top-section elementor-element elementor-element-38ba148f elementor-section-boxed elementor-section-height-default elementor-section-height-default\" data-id=\"38ba148f\" data-element_type=\"section\" data-e-type=\"section\" data-settings=\"{&quot;background_background&quot;:&quot;classic&quot;}\">\n\t\t\t\t\t\t<div class=\"elementor-container elementor-column-gap-default\">\n\t\t\t\t\t<div class=\"elementor-column elementor-col-100 elementor-top-column elementor-element elementor-element-26893043\" data-id=\"26893043\" data-element_type=\"column\" data-e-type=\"column\">\n\t\t\t<div class=\"elementor-widget-wrap elementor-element-populated\">\n\t\t\t\t\t\t<div class=\"elementor-element elementor-element-3ff0410 elementor-widget elementor-widget-heading\" data-id=\"3ff0410\" data-element_type=\"widget\" data-e-type=\"widget\" data-widget_type=\"heading.default\">\n\t\t\t\t<div class=\"elementor-widget-container\">\n\t\t\t\t\t<h2 class=\"elementor-heading-title elementor-size-default\">Vstopi v The Royal svet in prihrani!\u00a0\n<\/h2>\t\t\t\t<\/div>\n\t\t\t\t<\/div>\n\t\t\t\t<div class=\"elementor-element elementor-element-1b1a029 elementor-widget elementor-widget-text-editor\" data-id=\"1b1a029\" data-element_type=\"widget\" data-e-type=\"widget\" data-widget_type=\"text-editor.default\">\n\t\t\t\t<div class=\"elementor-widget-container\">\n\t\t\t\t\t\t\t\t\t<p>Prejmi skrivni kupon za 10% popust ter ekskluzivna obvestila o novostih, popustih ter negi las.<\/p>\t\t\t\t\t\t\t\t<\/div>\n\t\t\t\t<\/div>\n\t\t\t\t<div class=\"elementor-element elementor-element-7443196b elementor-widget__width-initial elementor-widget-mobile__width-inherit elementor-widget elementor-widget-html\" data-id=\"7443196b\" data-element_type=\"widget\" data-e-type=\"widget\" data-widget_type=\"html.default\">\n\t\t\t\t<div class=\"elementor-widget-container\">\n\t\t\t\t\t<div class=\"klaviyo-form-U3Cb5y\"><\/div>\t\t\t\t<\/div>\n\t\t\t\t<\/div>\n\t\t\t\t\t<\/div>\n\t\t<\/div>\n\t\t\t\t\t<\/div>\n\t\t<\/section>\n\t\t\t\t<\/div>\n\t\t\t\t<\/div>\n\t\t\t\t\t\t<\/div>\n\t\t\t\t<\/div>\n\t\t\t\t\t<\/div>\n\t\t<\/div>\n\t\t\t\t\t<\/div>\n\t\t<\/section>\n\t\t\t\t<\/div>\n\t\t","protected":false},"excerpt":{"rendered":"<p>Zgodba o \u017eenski in njeni predanosti negi las. Preberi ve\u010d The Royal Affair je nastala druga\u010de kot ve\u010dina znamk za nego las. Njeni izdelki namre\u010d prvotno niso bili ustvarjeni za komercialne namene. TRA je nastala zaradi nenasitne \u017eelje Neli Zovko po tem, da bi na\u0161la ustrezno nego za svoje ob\u010dutljive in \u201cneukrotljive\u201d lase. \u017delela je, [&hellip;]<\/p>\n","protected":false},"author":2,"featured_media":0,"parent":0,"menu_order":0,"comment_status":"closed","ping_status":"closed","template":"","meta":{"_acf_changed":false,"site-sidebar-layout":"no-sidebar","site-content-layout":"page-builder","ast-site-content-layout":"default","site-content-style":"default","site-sidebar-style":"default","ast-global-header-display":"","ast-banner-title-visibility":"","ast-main-header-display":"","ast-hfb-above-header-display":"","ast-hfb-below-header-display":"","ast-hfb-mobile-header-display":"","site-post-title":"disabled","ast-breadcrumbs-content":"disabled","ast-featured-img":"disabled","footer-sml-layout":"","ast-disable-related-posts":"","theme-transparent-header-meta":"default","adv-header-id-meta":"","stick-header-meta":"default","header-above-stick-meta":null,"header-main-stick-meta":"","header-below-stick-meta":null,"astra-migrate-meta-layouts":"default","ast-page-background-enabled":"default","ast-page-background-meta":{"desktop":{"background-color":"","background-image":"","background-repeat":"repeat","background-position":"center center","background-size":"auto","background-attachment":"scroll","background-type":"","background-media":"","overlay-type":"","overlay-color":"","overlay-opacity":"","overlay-gradient":""},"tablet":{"background-color":"","background-image":"","background-repeat":"repeat","background-position":"center center","background-size":"auto","background-attachment":"scroll","background-type":"","background-media":"","overlay-type":"","overlay-color":"","overlay-opacity":"","overlay-gradient":""},"mobile":{"background-color":"","background-image":"","background-repeat":"repeat","background-position":"center center","background-size":"auto","background-attachment":"scroll","background-type":"","background-media":"","overlay-type":"","overlay-color":"","overlay-opacity":"","overlay-gradient":""}},"ast-content-background-meta":{"desktop":{"background-color":"var(--ast-global-color-5)","background-image":"","background-repeat":"repeat","background-position":"center center","background-size":"auto","background-attachment":"scroll","background-type":"","background-media":"","overlay-type":"","overlay-color":"","overlay-opacity":"","overlay-gradient":""},"tablet":{"background-color":"var(--ast-global-color-5)","background-image":"","background-repeat":"repeat","background-position":"center center","background-size":"auto","background-attachment":"scroll","background-type":"","background-media":"","overlay-type":"","overlay-color":"","overlay-opacity":"","overlay-gradient":""},"mobile":{"background-color":"var(--ast-global-color-5)","background-image":"","background-repeat":"repeat","background-position":"center center","background-size":"auto","background-attachment":"scroll","background-type":"","background-media":"","overlay-type":"","overlay-color":"","overlay-opacity":"","overlay-gradient":""}},"footnotes":""},"class_list":["post-40","page","type-page","status-publish","hentry"],"acf":[],"_links":{"self":[{"href":"https:\/\/theroyalaffair.eu\/sl\/wp-json\/wp\/v2\/pages\/40","targetHints":{"allow":["GET"]}}],"collection":[{"href":"https:\/\/theroyalaffair.eu\/sl\/wp-json\/wp\/v2\/pages"}],"about":[{"href":"https:\/\/theroyalaffair.eu\/sl\/wp-json\/wp\/v2\/types\/page"}],"author":[{"embeddable":true,"href":"https:\/\/theroyalaffair.eu\/sl\/wp-json\/wp\/v2\/users\/2"}],"replies":[{"embeddable":true,"href":"https:\/\/theroyalaffair.eu\/sl\/wp-json\/wp\/v2\/comments?post=40"}],"version-history":[{"count":12,"href":"https:\/\/theroyalaffair.eu\/sl\/wp-json\/wp\/v2\/pages\/40\/revisions"}],"predecessor-version":[{"id":28227,"href":"https:\/\/theroyalaffair.eu\/sl\/wp-json\/wp\/v2\/pages\/40\/revisions\/28227"}],"wp:attachment":[{"href":"https:\/\/theroyalaffair.eu\/sl\/wp-json\/wp\/v2\/media?parent=40"}],"curies":[{"name":"wp","href":"https:\/\/api.w.org\/{rel}","templated":true}]}}