
{"id":10015,"date":"2023-05-25T10:56:48","date_gmt":"2023-05-25T08:56:48","guid":{"rendered":"https:\/\/theroyalaffair.eu\/sl\/?post_type=product&#038;p=10015"},"modified":"2026-04-21T13:20:03","modified_gmt":"2026-04-21T11:20:03","slug":"mini-globinsko-cistilni-sampon","status":"publish","type":"product","link":"https:\/\/theroyalaffair.eu\/sl\/izdelek\/mini-globinsko-cistilni-sampon\/","title":{"rendered":"TRAVEL SIZE &#8211; Deep Cleanse Shampoo"},"content":{"rendered":"<p><strong>Vrhunska nega<br \/>\n<\/strong>Visoko koncentriran \u0161ampon z izvle\u010dkom jabol\u010dnega kisa globinsko o\u010disti ne\u010disto\u010do in ma\u0161\u010dobo z lasi\u0161\u010da, zapira lasno povrhnjico, pove\u010duje sijaj las in ohranja nevtralen pH las in lasi\u0161\u010da. Ne\u017eno odstranjuje nakopi\u010dene ostanke izdelkov za oblikovanje las in ostanke trde vode. Lasi\u0161\u010de je \u010disto in lasje sve\u017ei. Pantenol, kamilica in hmelj dodatno umirjajo in navla\u017eijo lasi\u0161\u010de.<\/p>\n<p><strong>Prijeten vonj<br \/>\n<\/strong>Izdelki za nego las Royal Affair imajo sve\u017e, \u010dist in ne\u017een vonj.<\/p>\n<p><strong>\u010ciste sestavine<br \/>\n<\/strong>Kakovost smo postavili na prvo mesto, zato \u0161ampon ne vsebuje SLES (natrijevih lavrilsulfatov) in SLS (natrijevih dodecilsulfatov), parabenov, mineralnih olj, te\u017ekih kemikalij in drugih ne\u017eelenih sestavin.<\/p>\n<p><strong>Idealen pH<br \/>\n<\/strong>\u0160ampon ima pH 5.5. To je pomembno, saj optimalna raven pH pomaga za\u0161\u010dititi lase pred bakterijami in glivicami ter zapre lasno povrhnjico, kar pomaga ohranjati vlago in naravna olja v laseh. Vzdr\u017eevanje zdrave ravni pH pomaga lasem ohraniti naravno elasti\u010dnost in prepre\u010duje njihovo lomljenje.<\/p>\n<p>Vsi izdelki Royal Affair so razviti in oblikovani v Sloveniji ter izdelani v EU.<\/p>\n","protected":false},"excerpt":{"rendered":"<p>\u010ce se soo\u010date s problemom <strong>ne\u010distega lasi\u0161\u010da, prekomerne ma\u0161\u010dobe in ste brez \u017eivih las,<\/strong> je ta visoko koncentriran \u0161ampon z izvle\u010dkom jabol\u010dnega kisa re\u0161itev, ki jo potrebujete.<\/p>\n<p>Koli\u010dina: 75 ml<\/p>\n","protected":false},"featured_media":10017,"comment_status":"open","ping_status":"closed","template":"","meta":{"_acf_changed":false,"site-sidebar-layout":"default","site-content-layout":"default","ast-site-content-layout":"default","site-content-style":"default","site-sidebar-style":"default","ast-global-header-display":"","ast-banner-title-visibility":"","ast-main-header-display":"","ast-hfb-above-header-display":"","ast-hfb-below-header-display":"","ast-hfb-mobile-header-display":"","site-post-title":"","ast-breadcrumbs-content":"","ast-featured-img":"","footer-sml-layout":"","ast-disable-related-posts":"","theme-transparent-header-meta":"default","adv-header-id-meta":"","stick-header-meta":"default","header-above-stick-meta":"","header-main-stick-meta":"","header-below-stick-meta":"","astra-migrate-meta-layouts":"set","ast-page-background-enabled":"default","ast-page-background-meta":{"desktop":{"background-color":"","background-image":"","background-repeat":"repeat","background-position":"center center","background-size":"auto","background-attachment":"scroll","background-type":"","background-media":"","overlay-type":"","overlay-color":"","overlay-opacity":"","overlay-gradient":""},"tablet":{"background-color":"","background-image":"","background-repeat":"repeat","background-position":"center center","background-size":"auto","background-attachment":"scroll","background-type":"","background-media":"","overlay-type":"","overlay-color":"","overlay-opacity":"","overlay-gradient":""},"mobile":{"background-color":"","background-image":"","background-repeat":"repeat","background-position":"center center","background-size":"auto","background-attachment":"scroll","background-type":"","background-media":"","overlay-type":"","overlay-color":"","overlay-opacity":"","overlay-gradient":""}},"ast-content-background-meta":{"desktop":{"background-color":"var(--ast-global-color-5)","background-image":"","background-repeat":"repeat","background-position":"center center","background-size":"auto","background-attachment":"scroll","background-type":"","background-media":"","overlay-type":"","overlay-color":"","overlay-opacity":"","overlay-gradient":""},"tablet":{"background-color":"var(--ast-global-color-5)","background-image":"","background-repeat":"repeat","background-position":"center center","background-size":"auto","background-attachment":"scroll","background-type":"","background-media":"","overlay-type":"","overlay-color":"","overlay-opacity":"","overlay-gradient":""},"mobile":{"background-color":"var(--ast-global-color-5)","background-image":"","background-repeat":"repeat","background-position":"center center","background-size":"auto","background-attachment":"scroll","background-type":"","background-media":"","overlay-type":"","overlay-color":"","overlay-opacity":"","overlay-gradient":""}}},"product_brand":[],"product_cat":[56],"product_tag":[54],"class_list":{"0":"post-10015","1":"product","2":"type-product","3":"status-publish","4":"has-post-thumbnail","6":"product_cat-travel-size","7":"product_tag-travel-size","8":"desktop-align-center","9":"tablet-align-center","10":"mobile-align-center","11":"ast-product-gallery-layout-horizontal-slider","12":"ast-product-tabs-layout-horizontal","14":"first","15":"instock","16":"taxable","17":"shipping-taxable","18":"purchasable","19":"product-type-simple"},"bundled_by":[],"bundle_stock_status":"instock","bundle_stock_quantity":1274,"bundle_virtual":false,"bundle_layout":"","bundle_add_to_cart_form_location":"","bundle_editable_in_cart":false,"bundle_sold_individually_context":"","bundle_item_grouping":"","bundle_min_size":"","bundle_max_size":"","bundle_price":[],"bundled_items":[],"bundle_sell_ids":[],"acf":[],"_links":{"self":[{"href":"https:\/\/theroyalaffair.eu\/sl\/wp-json\/wp\/v2\/product\/10015","targetHints":{"allow":["GET"]}}],"collection":[{"href":"https:\/\/theroyalaffair.eu\/sl\/wp-json\/wp\/v2\/product"}],"about":[{"href":"https:\/\/theroyalaffair.eu\/sl\/wp-json\/wp\/v2\/types\/product"}],"replies":[{"embeddable":true,"href":"https:\/\/theroyalaffair.eu\/sl\/wp-json\/wp\/v2\/comments?post=10015"}],"wp:featuredmedia":[{"embeddable":true,"href":"https:\/\/theroyalaffair.eu\/sl\/wp-json\/wp\/v2\/media\/10017"}],"wp:attachment":[{"href":"https:\/\/theroyalaffair.eu\/sl\/wp-json\/wp\/v2\/media?parent=10015"}],"wp:term":[{"taxonomy":"product_brand","embeddable":true,"href":"https:\/\/theroyalaffair.eu\/sl\/wp-json\/wp\/v2\/product_brand?post=10015"},{"taxonomy":"product_cat","embeddable":true,"href":"https:\/\/theroyalaffair.eu\/sl\/wp-json\/wp\/v2\/product_cat?post=10015"},{"taxonomy":"product_tag","embeddable":true,"href":"https:\/\/theroyalaffair.eu\/sl\/wp-json\/wp\/v2\/product_tag?post=10015"}],"curies":[{"name":"wp","href":"https:\/\/api.w.org\/{rel}","templated":true}]}}