
{"id":10026,"date":"2023-05-25T11:21:07","date_gmt":"2023-05-25T09:21:07","guid":{"rendered":"https:\/\/theroyalaffair.eu\/sl\/?post_type=product&#038;p=10026"},"modified":"2026-04-20T11:01:42","modified_gmt":"2026-04-20T09:01:42","slug":"mini-nezen-sampon","status":"publish","type":"product","link":"https:\/\/theroyalaffair.eu\/sl\/izdelek\/mini-nezen-sampon\/","title":{"rendered":"TRAVEL SIZE &#8211; Gentle Shampoo"},"content":{"rendered":"<p><strong>Vrhunska nega<\/strong><br \/>\nNe\u017een vendar izredno u\u010dinkovit \u0161ampon vsebuje izvle\u010dek kane, kurkume, kofeina in biotina, ki zavirajo oksidativni stres na lasne folikle, ohranjajo vitalnost lasi\u0161\u010da in zdrave lasne me\u0161i\u010dke. Deluje na blokiranje DHT-ja in njegovih negativnih u\u010dinkov. Zaradi lahke sestave, pove\u010duje pro\u017enost njihov volumen in gostoto. Namenjen je mo\u0161kim in \u017eenskam za vsakodnevno uporabo.<\/p>\n<p><strong>Prijeten vonj<\/strong><br \/>\nIzdelki za nego las Royal Affair imajo sve\u017e, \u010dist in ne\u017een vonj.<\/p>\n<p><strong>\u010ciste sestavine<\/strong><br \/>\nKakovost smo postavili na prvo mesto, zato \u0161ampon ne vsebuje SLES (natrijevih lavrilsulfatov) in SLS (natrijevih dodecilsulfatov), parabenov, mineralnih olj, te\u017ekih kemikalij in drugih ne\u017eelenih sestavin.<\/p>\n<p><strong>Idealen pH<\/strong><br \/>\n\u0160ampon ima pH 5.5. To je pomembno, saj optimalna raven pH pomaga za\u0161\u010dititi lase pred bakterijami in glivicami, tako da zapre lasno povrhnjico, kar pomaga ohranjati vlago in naravna olja v laseh. Vzdr\u017eevanje zdrave ravni pH pomaga lasem ohraniti naravno elasti\u010dnost in prepre\u010duje njihovo lomljenje.<\/p>\n<p>Vsi izdelki Royal Affair izdelki so razviti in oblikovani v Sloveniji ter izdelani v EU.<\/p>\n","protected":false},"excerpt":{"rendered":"<p><strong>Za mo\u010dne in sijo\u010de lase, polne vitalnosti.<\/strong> Ta ne\u017een, vendar izjemno u\u010dinkovit \u0161ampon je \u0161e posebej priporo\u010dljiv za mastno lasi\u0161\u010de.<\/p>\n<p>Za \u010dudovite lase brez nepotrebnih kemikalij.<\/p>\n<p>Koli\u010dina: 75 ml<\/p>\n","protected":false},"featured_media":10028,"comment_status":"open","ping_status":"closed","template":"","meta":{"_acf_changed":false,"site-sidebar-layout":"default","site-content-layout":"default","ast-site-content-layout":"default","site-content-style":"default","site-sidebar-style":"default","ast-global-header-display":"","ast-banner-title-visibility":"","ast-main-header-display":"","ast-hfb-above-header-display":"","ast-hfb-below-header-display":"","ast-hfb-mobile-header-display":"","site-post-title":"","ast-breadcrumbs-content":"","ast-featured-img":"","footer-sml-layout":"","ast-disable-related-posts":"","theme-transparent-header-meta":"default","adv-header-id-meta":"","stick-header-meta":"default","header-above-stick-meta":"","header-main-stick-meta":"","header-below-stick-meta":"","astra-migrate-meta-layouts":"set","ast-page-background-enabled":"default","ast-page-background-meta":{"desktop":{"background-color":"","background-image":"","background-repeat":"repeat","background-position":"center center","background-size":"auto","background-attachment":"scroll","background-type":"","background-media":"","overlay-type":"","overlay-color":"","overlay-opacity":"","overlay-gradient":""},"tablet":{"background-color":"","background-image":"","background-repeat":"repeat","background-position":"center center","background-size":"auto","background-attachment":"scroll","background-type":"","background-media":"","overlay-type":"","overlay-color":"","overlay-opacity":"","overlay-gradient":""},"mobile":{"background-color":"","background-image":"","background-repeat":"repeat","background-position":"center center","background-size":"auto","background-attachment":"scroll","background-type":"","background-media":"","overlay-type":"","overlay-color":"","overlay-opacity":"","overlay-gradient":""}},"ast-content-background-meta":{"desktop":{"background-color":"var(--ast-global-color-5)","background-image":"","background-repeat":"repeat","background-position":"center center","background-size":"auto","background-attachment":"scroll","background-type":"","background-media":"","overlay-type":"","overlay-color":"","overlay-opacity":"","overlay-gradient":""},"tablet":{"background-color":"var(--ast-global-color-5)","background-image":"","background-repeat":"repeat","background-position":"center center","background-size":"auto","background-attachment":"scroll","background-type":"","background-media":"","overlay-type":"","overlay-color":"","overlay-opacity":"","overlay-gradient":""},"mobile":{"background-color":"var(--ast-global-color-5)","background-image":"","background-repeat":"repeat","background-position":"center center","background-size":"auto","background-attachment":"scroll","background-type":"","background-media":"","overlay-type":"","overlay-color":"","overlay-opacity":"","overlay-gradient":""}}},"product_brand":[],"product_cat":[56],"product_tag":[54],"class_list":{"0":"post-10026","1":"product","2":"type-product","3":"status-publish","4":"has-post-thumbnail","6":"product_cat-travel-size","7":"product_tag-travel-size","8":"desktop-align-center","9":"tablet-align-center","10":"mobile-align-center","11":"ast-product-gallery-layout-horizontal-slider","12":"ast-product-tabs-layout-horizontal","14":"first","15":"instock","16":"taxable","17":"shipping-taxable","18":"purchasable","19":"product-type-simple"},"bundled_by":[],"bundle_stock_status":"instock","bundle_stock_quantity":696,"bundle_virtual":false,"bundle_layout":"","bundle_add_to_cart_form_location":"","bundle_editable_in_cart":false,"bundle_sold_individually_context":"","bundle_item_grouping":"","bundle_min_size":"","bundle_max_size":"","bundle_price":[],"bundled_items":[],"bundle_sell_ids":[],"acf":[],"_links":{"self":[{"href":"https:\/\/theroyalaffair.eu\/sl\/wp-json\/wp\/v2\/product\/10026","targetHints":{"allow":["GET"]}}],"collection":[{"href":"https:\/\/theroyalaffair.eu\/sl\/wp-json\/wp\/v2\/product"}],"about":[{"href":"https:\/\/theroyalaffair.eu\/sl\/wp-json\/wp\/v2\/types\/product"}],"replies":[{"embeddable":true,"href":"https:\/\/theroyalaffair.eu\/sl\/wp-json\/wp\/v2\/comments?post=10026"}],"wp:featuredmedia":[{"embeddable":true,"href":"https:\/\/theroyalaffair.eu\/sl\/wp-json\/wp\/v2\/media\/10028"}],"wp:attachment":[{"href":"https:\/\/theroyalaffair.eu\/sl\/wp-json\/wp\/v2\/media?parent=10026"}],"wp:term":[{"taxonomy":"product_brand","embeddable":true,"href":"https:\/\/theroyalaffair.eu\/sl\/wp-json\/wp\/v2\/product_brand?post=10026"},{"taxonomy":"product_cat","embeddable":true,"href":"https:\/\/theroyalaffair.eu\/sl\/wp-json\/wp\/v2\/product_cat?post=10026"},{"taxonomy":"product_tag","embeddable":true,"href":"https:\/\/theroyalaffair.eu\/sl\/wp-json\/wp\/v2\/product_tag?post=10026"}],"curies":[{"name":"wp","href":"https:\/\/api.w.org\/{rel}","templated":true}]}}