
{"id":10874,"date":"2023-05-31T15:25:54","date_gmt":"2023-05-31T13:25:54","guid":{"rendered":"https:\/\/theroyalaffair.eu\/sl\/?post_type=product&#038;p=10874"},"modified":"2026-04-26T21:49:09","modified_gmt":"2026-04-26T19:49:09","slug":"obnovitveni-serum-za-lasisce","status":"publish","type":"product","link":"https:\/\/theroyalaffair.eu\/sl\/izdelek\/obnovitveni-serum-za-lasisce\/","title":{"rendered":"Scalp Renew Serum"},"content":{"rendered":"<p>Po nanosu seruma bodo lasni me\u0161i\u010dki ponovno \u010disti, lasne \u010debulice pa nahranjene. Lasje se dvignejo pri korenu in postanejo sijo\u010di. \u0160e ve\u010d, serum uravnava delovanje \u017elez lojnic in prepre\u010duje mastno lasi\u0161\u010de. Posledi\u010dno postane ko\u017ea prijetno osve\u017eena, lasje pa dlje\u00a0 \u010dasa ostanejo gladki in sve\u017ei.<\/p>\n<p>Intenzivna \u010distilna formula seruma temelji na formulaciji encima, kane in pantenola. Ta encim je bromelain, ki razgrajuje odmrle epidermalne celice in se tako bori proti prhljaju, zmanj\u0161uje mastenje in prepre\u010duje izpadanje las.<\/p>\n<p>The Royal Affair obnovitveni serum za lasi\u0161\u010de ne vsebuje trdnih delcev ampak z encimi temeljito o\u010disti lasi\u0161\u010de, ter se tako bori proti prhljaju, zmanj\u0161uje mastenje in izpadanje las. Odstrani odmrle ko\u017ene celice in druge ne\u010disto\u010de, s \u010dimer pusti lasne me\u0161i\u010dke \u010diste. Kar prepre\u010duje izpadanje las in pomaga, da lasje ostanejo dvignjeni pri koreninah, gladki in sijo\u010di.<\/p>\n<p>TRA obnovitveni serum uravnava delovanje \u017elez lojnic, zmanj\u0161uje prekomerno izlo\u010danje ma\u0161\u010dobe in ne masti las. Encim bromelain razgrajuje odmrle ko\u017ene celice in odstranjuje ne\u010disto\u010de z lasi\u0161\u010da. Kana in pantenol pa negujeta in vla\u017eita lasi\u0161\u010de. TRA obnovitveni serum deluje na lasne \u010debulice in naredi lase bolj gladke in mo\u010dne po vsej dol\u017eini.<\/p>\n","protected":false},"excerpt":{"rendered":"<p>Po ve\u010d letih razvoja z veseljem predstavljamo izjemen serum <strong>za obnovo, nego in \u010di\u0161\u010denje lasi\u0161\u010da, <\/strong>ki postavi va\u0161o nego las na povsem novo raven.<\/p>\n<p>Koli\u010dina: 50 ml<\/p>\n[elementor-template id=\"11726\"]\n","protected":false},"featured_media":11266,"comment_status":"open","ping_status":"closed","template":"","meta":{"_acf_changed":false,"site-sidebar-layout":"default","site-content-layout":"default","ast-site-content-layout":"default","site-content-style":"default","site-sidebar-style":"default","ast-global-header-display":"","ast-banner-title-visibility":"","ast-main-header-display":"","ast-hfb-above-header-display":"","ast-hfb-below-header-display":"","ast-hfb-mobile-header-display":"","site-post-title":"","ast-breadcrumbs-content":"","ast-featured-img":"","footer-sml-layout":"","ast-disable-related-posts":"","theme-transparent-header-meta":"default","adv-header-id-meta":"","stick-header-meta":"default","header-above-stick-meta":"","header-main-stick-meta":"","header-below-stick-meta":"","astra-migrate-meta-layouts":"set","ast-page-background-enabled":"default","ast-page-background-meta":{"desktop":{"background-color":"","background-image":"","background-repeat":"repeat","background-position":"center center","background-size":"auto","background-attachment":"scroll","background-type":"","background-media":"","overlay-type":"","overlay-color":"","overlay-opacity":"","overlay-gradient":""},"tablet":{"background-color":"","background-image":"","background-repeat":"repeat","background-position":"center center","background-size":"auto","background-attachment":"scroll","background-type":"","background-media":"","overlay-type":"","overlay-color":"","overlay-opacity":"","overlay-gradient":""},"mobile":{"background-color":"","background-image":"","background-repeat":"repeat","background-position":"center center","background-size":"auto","background-attachment":"scroll","background-type":"","background-media":"","overlay-type":"","overlay-color":"","overlay-opacity":"","overlay-gradient":""}},"ast-content-background-meta":{"desktop":{"background-color":"var(--ast-global-color-5)","background-image":"","background-repeat":"repeat","background-position":"center center","background-size":"auto","background-attachment":"scroll","background-type":"","background-media":"","overlay-type":"","overlay-color":"","overlay-opacity":"","overlay-gradient":""},"tablet":{"background-color":"var(--ast-global-color-5)","background-image":"","background-repeat":"repeat","background-position":"center center","background-size":"auto","background-attachment":"scroll","background-type":"","background-media":"","overlay-type":"","overlay-color":"","overlay-opacity":"","overlay-gradient":""},"mobile":{"background-color":"var(--ast-global-color-5)","background-image":"","background-repeat":"repeat","background-position":"center center","background-size":"auto","background-attachment":"scroll","background-type":"","background-media":"","overlay-type":"","overlay-color":"","overlay-opacity":"","overlay-gradient":""}}},"product_brand":[],"product_cat":[57,98,101,102,83,45,96],"product_tag":[],"class_list":{"0":"post-10874","1":"product","2":"type-product","3":"status-publish","4":"has-post-thumbnail","6":"product_cat-nega-lasisca","7":"product_cat-izpadanje-las","8":"product_cat-mastno-lasisce","9":"product_cat-serumi-tretmaji","10":"product_cat-za-moske","11":"product_cat-globinska-nega","12":"product_cat-premium-izdelki","13":"desktop-align-center","14":"tablet-align-center","15":"mobile-align-center","16":"ast-product-gallery-layout-horizontal-slider","17":"ast-product-single-variable","18":"ast-product-tabs-layout-horizontal","20":"first","21":"instock","22":"featured","23":"taxable","24":"shipping-taxable","25":"purchasable","26":"product-type-variable","27":"has-default-attributes"},"bundled_by":[],"bundle_stock_status":"instock","bundle_stock_quantity":55,"bundle_virtual":false,"bundle_layout":"","bundle_add_to_cart_form_location":"","bundle_editable_in_cart":false,"bundle_sold_individually_context":"","bundle_item_grouping":"","bundle_min_size":"","bundle_max_size":"","bundle_price":[],"bundled_items":[],"bundle_sell_ids":[],"acf":[],"_links":{"self":[{"href":"https:\/\/theroyalaffair.eu\/sl\/wp-json\/wp\/v2\/product\/10874","targetHints":{"allow":["GET"]}}],"collection":[{"href":"https:\/\/theroyalaffair.eu\/sl\/wp-json\/wp\/v2\/product"}],"about":[{"href":"https:\/\/theroyalaffair.eu\/sl\/wp-json\/wp\/v2\/types\/product"}],"replies":[{"embeddable":true,"href":"https:\/\/theroyalaffair.eu\/sl\/wp-json\/wp\/v2\/comments?post=10874"}],"wp:featuredmedia":[{"embeddable":true,"href":"https:\/\/theroyalaffair.eu\/sl\/wp-json\/wp\/v2\/media\/11266"}],"wp:attachment":[{"href":"https:\/\/theroyalaffair.eu\/sl\/wp-json\/wp\/v2\/media?parent=10874"}],"wp:term":[{"taxonomy":"product_brand","embeddable":true,"href":"https:\/\/theroyalaffair.eu\/sl\/wp-json\/wp\/v2\/product_brand?post=10874"},{"taxonomy":"product_cat","embeddable":true,"href":"https:\/\/theroyalaffair.eu\/sl\/wp-json\/wp\/v2\/product_cat?post=10874"},{"taxonomy":"product_tag","embeddable":true,"href":"https:\/\/theroyalaffair.eu\/sl\/wp-json\/wp\/v2\/product_tag?post=10874"}],"curies":[{"name":"wp","href":"https:\/\/api.w.org\/{rel}","templated":true}]}}