
{"id":10875,"date":"2023-05-31T15:28:51","date_gmt":"2023-05-31T13:28:51","guid":{"rendered":"https:\/\/theroyalaffair.eu\/sl\/?post_type=product&#038;p=10875"},"modified":"2026-04-16T11:12:05","modified_gmt":"2026-04-16T09:12:05","slug":"negovalni-balzam-za-lase-brez-izpiranja","status":"publish","type":"product","link":"https:\/\/theroyalaffair.eu\/sl\/izdelek\/negovalni-balzam-za-lase-brez-izpiranja\/","title":{"rendered":"Leave-in Conditioner"},"content":{"rendered":"<p>Prednosti pri uporabi balzama brez izpiranja so \u0161tevilne. Poleg za\u0161\u010dite las pred toplotnimi obdelavami in \u0161kodljivimi UV-\u017earki, izdelek zagotavlja tudi intenzivno nego in obnavlja izgubljeno vlago v laseh. Formulacija brez silikona, ki je nadome\u0161\u010dena s squalanom, omogo\u010da lahkotno in hranilno nego za vse tipe las.<\/p>\n<p>Posebej izpostavljamo visoko koncentracijo aktivnih sestavin v na\u0161em balzamu brez izpiranja, zlasti izjemne u\u010dinke hydrolyziranega keratina, ki povrne lasem mo\u010d in vitalnost. \u017denske se pogosto soo\u010dajo s suhimi in izsu\u0161enimi konicami, pomanjkanjem sijaja ter dehidracijo las, zlasti v poletnem \u010dasu, ko jih dodatno obremenjuje sonce, voda in sol. Z na\u0161im balzamom brez izpiranja boste lasem povrnili vitalnost, jih nahranili, za\u0161\u010ditili in intenzivno navla\u017eili.<\/p>\n<p>Balzam brez izpiranja Leave-in Conditioner je namenjen vsem \u017eenskam, ki si \u017eelijo u\u017eivati v naravni negi svojih las. Primeren je za doma\u010do uporabo in popolnoma se ujema z vizijo na\u0161ega podjetja &#8211; ponuditi naravne izdelke z visoko vsebnostjo aktivnih sestavin, ki u\u010dinkovito negujejo in varujejo na\u0161o najpomembnej\u0161o krono &#8211; lase.<\/p>\n<p>Vabimo vas, da odkrijete na\u0161 nov balzam brez izpiranja &#8211; Leave-in Conditioner ter se prepri\u010date sami o njegovi izjemni u\u010dinkovitosti in naravni negi za va\u0161e lase.<\/p>\n","protected":false},"excerpt":{"rendered":"<p>Leave-in Conditioner je najnovej\u0161i <strong>balzam brez izpiranja.<\/strong> Izdelek je oblikovan za globinsko nego va\u0161ih las, ne da bi bilo potrebno izpiranje, in vam <strong>zagotavlja izjemno za\u0161\u010dito, obnovo in intenzivno navla\u017eenost.<\/strong><\/p>\n<p>Idealen je <strong>za suhe in izsu\u0161ene lase,<\/strong> za bolj\u0161e po\u010dutje va\u0161ih las.<\/p>\n<p>Koli\u010dina: 100 ml<\/p>\n[elementor-template id=\"11726\"]\n","protected":false},"featured_media":17743,"comment_status":"open","ping_status":"closed","template":"","meta":{"_acf_changed":false,"site-sidebar-layout":"default","site-content-layout":"default","ast-site-content-layout":"default","site-content-style":"default","site-sidebar-style":"default","ast-global-header-display":"","ast-banner-title-visibility":"","ast-main-header-display":"","ast-hfb-above-header-display":"","ast-hfb-below-header-display":"","ast-hfb-mobile-header-display":"","site-post-title":"","ast-breadcrumbs-content":"","ast-featured-img":"","footer-sml-layout":"","ast-disable-related-posts":"","theme-transparent-header-meta":"default","adv-header-id-meta":"","stick-header-meta":"default","header-above-stick-meta":"","header-main-stick-meta":"","header-below-stick-meta":"","astra-migrate-meta-layouts":"set","ast-page-background-enabled":"default","ast-page-background-meta":{"desktop":{"background-color":"","background-image":"","background-repeat":"repeat","background-position":"center center","background-size":"auto","background-attachment":"scroll","background-type":"","background-media":"","overlay-type":"","overlay-color":"","overlay-opacity":"","overlay-gradient":""},"tablet":{"background-color":"","background-image":"","background-repeat":"repeat","background-position":"center center","background-size":"auto","background-attachment":"scroll","background-type":"","background-media":"","overlay-type":"","overlay-color":"","overlay-opacity":"","overlay-gradient":""},"mobile":{"background-color":"","background-image":"","background-repeat":"repeat","background-position":"center center","background-size":"auto","background-attachment":"scroll","background-type":"","background-media":"","overlay-type":"","overlay-color":"","overlay-opacity":"","overlay-gradient":""}},"ast-content-background-meta":{"desktop":{"background-color":"var(--ast-global-color-5)","background-image":"","background-repeat":"repeat","background-position":"center center","background-size":"auto","background-attachment":"scroll","background-type":"","background-media":"","overlay-type":"","overlay-color":"","overlay-opacity":"","overlay-gradient":""},"tablet":{"background-color":"var(--ast-global-color-5)","background-image":"","background-repeat":"repeat","background-position":"center center","background-size":"auto","background-attachment":"scroll","background-type":"","background-media":"","overlay-type":"","overlay-color":"","overlay-opacity":"","overlay-gradient":""},"mobile":{"background-color":"var(--ast-global-color-5)","background-image":"","background-repeat":"repeat","background-position":"center center","background-size":"auto","background-attachment":"scroll","background-type":"","background-media":"","overlay-type":"","overlay-color":"","overlay-opacity":"","overlay-gradient":""}}},"product_brand":[],"product_cat":[39,97,96],"product_tag":[],"class_list":{"0":"post-10875","1":"product","2":"type-product","3":"status-publish","4":"has-post-thumbnail","6":"product_cat-olje-za-lase","7":"product_cat-styling","8":"product_cat-premium-izdelki","9":"desktop-align-center","10":"tablet-align-center","11":"mobile-align-center","12":"ast-product-gallery-layout-horizontal-slider","13":"ast-product-single-variable","14":"ast-product-tabs-layout-horizontal","16":"first","17":"instock","18":"featured","19":"taxable","20":"shipping-taxable","21":"purchasable","22":"product-type-variable","23":"has-default-attributes"},"bundled_by":[],"bundle_stock_status":"instock","bundle_stock_quantity":null,"bundle_virtual":false,"bundle_layout":"","bundle_add_to_cart_form_location":"","bundle_editable_in_cart":false,"bundle_sold_individually_context":"","bundle_item_grouping":"","bundle_min_size":"","bundle_max_size":"","bundle_price":[],"bundled_items":[],"bundle_sell_ids":[],"acf":[],"_links":{"self":[{"href":"https:\/\/theroyalaffair.eu\/sl\/wp-json\/wp\/v2\/product\/10875","targetHints":{"allow":["GET"]}}],"collection":[{"href":"https:\/\/theroyalaffair.eu\/sl\/wp-json\/wp\/v2\/product"}],"about":[{"href":"https:\/\/theroyalaffair.eu\/sl\/wp-json\/wp\/v2\/types\/product"}],"replies":[{"embeddable":true,"href":"https:\/\/theroyalaffair.eu\/sl\/wp-json\/wp\/v2\/comments?post=10875"}],"wp:featuredmedia":[{"embeddable":true,"href":"https:\/\/theroyalaffair.eu\/sl\/wp-json\/wp\/v2\/media\/17743"}],"wp:attachment":[{"href":"https:\/\/theroyalaffair.eu\/sl\/wp-json\/wp\/v2\/media?parent=10875"}],"wp:term":[{"taxonomy":"product_brand","embeddable":true,"href":"https:\/\/theroyalaffair.eu\/sl\/wp-json\/wp\/v2\/product_brand?post=10875"},{"taxonomy":"product_cat","embeddable":true,"href":"https:\/\/theroyalaffair.eu\/sl\/wp-json\/wp\/v2\/product_cat?post=10875"},{"taxonomy":"product_tag","embeddable":true,"href":"https:\/\/theroyalaffair.eu\/sl\/wp-json\/wp\/v2\/product_tag?post=10875"}],"curies":[{"name":"wp","href":"https:\/\/api.w.org\/{rel}","templated":true}]}}