
{"id":119,"date":"2021-05-31T12:39:08","date_gmt":"2021-05-31T10:39:08","guid":{"rendered":"https:\/\/theroyalaffair.eu\/sl\/?post_type=product&#038;p=119"},"modified":"2026-04-16T13:48:19","modified_gmt":"2026-04-16T11:48:19","slug":"vlazilni-balzam","status":"publish","type":"product","link":"https:\/\/theroyalaffair.eu\/sl\/izdelek\/vlazilni-balzam\/","title":{"rendered":"Moisturising Conditioner"},"content":{"rendered":"<p><b>Vrhunska nega<br \/>\n<\/b>S svojo napredno formulo, obogateno z edinstveno me\u0161anico sestavin, The Royal Affair Moisturising Conditioner zagotavlja globoko hidracijo, ki bo preobrazila va\u0161e lase. Primeren tako za suhe, po\u0161kodovane lase kot za zdrave. Balzam vas bo osupnil z rezultati. Lase nahrani in jim povrne zdrav sijaj, hkrati pa omogo\u010da la\u017eje raz\u010desavanje in obvladovanje.<\/p>\n<p><b>Prijeten vonj<\/b><br \/>\nDo\u017eivite neustavljivo sve\u017eino in \u010dudovit vonj, ki ga prina\u0161a The Royal Affair Moisturising Conditioner. Z notami lipe in akacije ustvarja \u010darobno vzdu\u0161je, ki bo polep\u0161alo va\u0161e negovalne trenutke. Prepustite se di\u0161e\u010demu razvajanju.<\/p>\n<p><b>\u010ciste sestavine<\/b><br \/>\nPri The Royal Affair smo zavezani kakovosti in va\u0161emu zadovoljstvu. Zato smo ustvarili balzam brez \u0161kodljivih sestavin, kot so SLES (natrijevi lavrilsulfati) in SLS (natrijevi dodecilsulfati), parabeni, mineralna olja, te\u017eke kemikalije in vse druge ne\u017eelene snovi. Zaupajte nam, da boste prejeli naravno nego, ki je ne\u017ena do va\u0161ih las in narave.<\/p>\n<p><b>Idealen pH<\/b><br \/>\nPoleg tega je The Royal Affair Moisturising Conditioner prilagojen idealnemu pH ravnote\u017eju. S pH vrednostjo 5.5, ta balzam ustvarja optimalno okolje za va\u0161e lase. Pomaga za\u0161\u010dititi lasi\u0161\u010de pred bakterijami in glivicami, obenem pa ohranja naravno vlago in olja, ki so klju\u010dnega pomena za zdrave, sijo\u010de lase.<\/p>\n<p>Izdelki The Royal Affair so plod slovenskega znanja in ustvarjalnosti, izdelani pa so v skladu z najvi\u0161jimi standardi kakovosti v Evropski uniji. Razvajajte svoje lase z mo\u010djo The Royal Affair Moisturising Conditionerja in u\u017eivajte v \u010dudovitem videzu las, ki vas bo navdu\u0161il!<\/p>\n","protected":false},"excerpt":{"rendered":"<p>Za neverjetno mehke lase, brez vozlov in polne \u017eivljenja.<\/p>\n<p>Koli\u010dina: 200 ml<\/p>\n[elementor-template id=\"11726\"]\n","protected":false},"featured_media":2819,"comment_status":"open","ping_status":"closed","template":"","meta":{"_acf_changed":false,"site-sidebar-layout":"default","site-content-layout":"boxed-container","ast-site-content-layout":"normal-width-container","site-content-style":"boxed","site-sidebar-style":"boxed","ast-global-header-display":"","ast-banner-title-visibility":"","ast-main-header-display":"","ast-hfb-above-header-display":"","ast-hfb-below-header-display":"","ast-hfb-mobile-header-display":"","site-post-title":"","ast-breadcrumbs-content":"","ast-featured-img":"","footer-sml-layout":"","ast-disable-related-posts":"","theme-transparent-header-meta":"default","adv-header-id-meta":"","stick-header-meta":"default","header-above-stick-meta":"","header-main-stick-meta":"","header-below-stick-meta":"","astra-migrate-meta-layouts":"set","ast-page-background-enabled":"default","ast-page-background-meta":{"desktop":{"background-color":"","background-image":"","background-repeat":"repeat","background-position":"center center","background-size":"auto","background-attachment":"scroll","background-type":"","background-media":"","overlay-type":"","overlay-color":"","overlay-opacity":"","overlay-gradient":""},"tablet":{"background-color":"","background-image":"","background-repeat":"repeat","background-position":"center center","background-size":"auto","background-attachment":"scroll","background-type":"","background-media":"","overlay-type":"","overlay-color":"","overlay-opacity":"","overlay-gradient":""},"mobile":{"background-color":"","background-image":"","background-repeat":"repeat","background-position":"center center","background-size":"auto","background-attachment":"scroll","background-type":"","background-media":"","overlay-type":"","overlay-color":"","overlay-opacity":"","overlay-gradient":""}},"ast-content-background-meta":{"desktop":{"background-color":"var(--ast-global-color-5)","background-image":"","background-repeat":"repeat","background-position":"center center","background-size":"auto","background-attachment":"scroll","background-type":"","background-media":"","overlay-type":"","overlay-color":"","overlay-opacity":"","overlay-gradient":""},"tablet":{"background-color":"var(--ast-global-color-5)","background-image":"","background-repeat":"repeat","background-position":"center center","background-size":"auto","background-attachment":"scroll","background-type":"","background-media":"","overlay-type":"","overlay-color":"","overlay-opacity":"","overlay-gradient":""},"mobile":{"background-color":"var(--ast-global-color-5)","background-image":"","background-repeat":"repeat","background-position":"center center","background-size":"auto","background-attachment":"scroll","background-type":"","background-media":"","overlay-type":"","overlay-color":"","overlay-opacity":"","overlay-gradient":""}}},"product_brand":[],"product_cat":[22],"product_tag":[],"class_list":{"0":"post-119","1":"product","2":"type-product","3":"status-publish","4":"has-post-thumbnail","6":"product_cat-balzam","7":"desktop-align-center","8":"tablet-align-center","9":"mobile-align-center","10":"ast-product-gallery-layout-horizontal-slider","11":"ast-product-tabs-layout-horizontal","13":"first","14":"instock","15":"taxable","16":"shipping-taxable","17":"purchasable","18":"product-type-simple"},"bundled_by":[],"bundle_stock_status":"instock","bundle_stock_quantity":1093,"bundle_virtual":false,"bundle_layout":"","bundle_add_to_cart_form_location":"","bundle_editable_in_cart":false,"bundle_sold_individually_context":"","bundle_item_grouping":"","bundle_min_size":"","bundle_max_size":"","bundle_price":[],"bundled_items":[],"bundle_sell_ids":[],"acf":[],"_links":{"self":[{"href":"https:\/\/theroyalaffair.eu\/sl\/wp-json\/wp\/v2\/product\/119","targetHints":{"allow":["GET"]}}],"collection":[{"href":"https:\/\/theroyalaffair.eu\/sl\/wp-json\/wp\/v2\/product"}],"about":[{"href":"https:\/\/theroyalaffair.eu\/sl\/wp-json\/wp\/v2\/types\/product"}],"replies":[{"embeddable":true,"href":"https:\/\/theroyalaffair.eu\/sl\/wp-json\/wp\/v2\/comments?post=119"}],"wp:featuredmedia":[{"embeddable":true,"href":"https:\/\/theroyalaffair.eu\/sl\/wp-json\/wp\/v2\/media\/2819"}],"wp:attachment":[{"href":"https:\/\/theroyalaffair.eu\/sl\/wp-json\/wp\/v2\/media?parent=119"}],"wp:term":[{"taxonomy":"product_brand","embeddable":true,"href":"https:\/\/theroyalaffair.eu\/sl\/wp-json\/wp\/v2\/product_brand?post=119"},{"taxonomy":"product_cat","embeddable":true,"href":"https:\/\/theroyalaffair.eu\/sl\/wp-json\/wp\/v2\/product_cat?post=119"},{"taxonomy":"product_tag","embeddable":true,"href":"https:\/\/theroyalaffair.eu\/sl\/wp-json\/wp\/v2\/product_tag?post=119"}],"curies":[{"name":"wp","href":"https:\/\/api.w.org\/{rel}","templated":true}]}}