
{"id":19577,"date":"2024-10-15T09:51:09","date_gmt":"2024-10-15T07:51:09","guid":{"rendered":"https:\/\/theroyalaffair.eu\/sl\/?post_type=product&#038;p=19577"},"modified":"2026-04-16T10:28:42","modified_gmt":"2026-04-16T08:28:42","slug":"flake-no-more-sampon","status":"publish","type":"product","link":"https:\/\/theroyalaffair.eu\/sl\/izdelek\/flake-no-more-sampon\/","title":{"rendered":"Flake no more Shampoo"},"content":{"rendered":"<p>Za u\u010dinkovito nego priporo\u010damo:<\/p>\n<ol>\n<li>Redno \u010di\u0161\u010denje lasi\u0161\u010da: Pravilno in pogosto pranje lasi\u0161\u010da prepre\u010duje kopi\u010denje olj in razmno\u017eevanje glivic.<\/li>\n<li>Nega z linijo Flake No More: Uporaba \u0161ampona in spreja bo pomagala ohranjati lasi\u0161\u010de \u010disto in brez prhljaja.<\/li>\n<li>Izogibanje vro\u010di vodi: Uporaba tople ali hladne vode prepre\u010duje izsu\u0161itev in prekomerno tvorbo sebuma.<\/li>\n<li>Uravnote\u017een \u017eivljenjski slog: Uravnavanje stresa in zdrava prehrana pomembno prispevata k zdravemu lasi\u0161\u010du.<\/li>\n<\/ol>\n<p>Linija Flake No More vam pomaga ohranjati lasi\u0161\u010de zdravo, sve\u017ee in brez prhljaja. Preizkusite in za\u010dutite razliko!<\/p>\n","protected":false},"excerpt":{"rendered":"<p>Intenzivna nega za lasi\u0161\u010de brez prhljaja.<\/p>\n<p>Flake No More \u0161ampon je zasnovan za u\u010dinkovito odpravljanje prhljaja in pomiritev razdra\u017eenega lasi\u0161\u010da. Njegova edinstvena kombinacija naravnih olj in aktivnih sestavin neguje lasi\u0161\u010de in obnavlja njegovo ravnovesje.<\/p>\n<p>Koli\u010dina: 200 ml<\/p>\n","protected":false},"featured_media":19585,"comment_status":"open","ping_status":"closed","template":"","meta":{"_acf_changed":false,"site-sidebar-layout":"default","site-content-layout":"","ast-site-content-layout":"default","site-content-style":"default","site-sidebar-style":"default","ast-global-header-display":"","ast-banner-title-visibility":"","ast-main-header-display":"","ast-hfb-above-header-display":"","ast-hfb-below-header-display":"","ast-hfb-mobile-header-display":"","site-post-title":"","ast-breadcrumbs-content":"","ast-featured-img":"","footer-sml-layout":"","ast-disable-related-posts":"","theme-transparent-header-meta":"default","adv-header-id-meta":"","stick-header-meta":"default","header-above-stick-meta":"","header-main-stick-meta":"","header-below-stick-meta":"","astra-migrate-meta-layouts":"set","ast-page-background-enabled":"default","ast-page-background-meta":{"desktop":{"background-color":"","background-image":"","background-repeat":"repeat","background-position":"center center","background-size":"auto","background-attachment":"scroll","background-type":"","background-media":"","overlay-type":"","overlay-color":"","overlay-opacity":"","overlay-gradient":""},"tablet":{"background-color":"","background-image":"","background-repeat":"repeat","background-position":"center center","background-size":"auto","background-attachment":"scroll","background-type":"","background-media":"","overlay-type":"","overlay-color":"","overlay-opacity":"","overlay-gradient":""},"mobile":{"background-color":"","background-image":"","background-repeat":"repeat","background-position":"center center","background-size":"auto","background-attachment":"scroll","background-type":"","background-media":"","overlay-type":"","overlay-color":"","overlay-opacity":"","overlay-gradient":""}},"ast-content-background-meta":{"desktop":{"background-color":"var(--ast-global-color-5)","background-image":"","background-repeat":"repeat","background-position":"center center","background-size":"auto","background-attachment":"scroll","background-type":"","background-media":"","overlay-type":"","overlay-color":"","overlay-opacity":"","overlay-gradient":""},"tablet":{"background-color":"var(--ast-global-color-5)","background-image":"","background-repeat":"repeat","background-position":"center center","background-size":"auto","background-attachment":"scroll","background-type":"","background-media":"","overlay-type":"","overlay-color":"","overlay-opacity":"","overlay-gradient":""},"mobile":{"background-color":"var(--ast-global-color-5)","background-image":"","background-repeat":"repeat","background-position":"center center","background-size":"auto","background-attachment":"scroll","background-type":"","background-media":"","overlay-type":"","overlay-color":"","overlay-opacity":"","overlay-gradient":""}}},"product_brand":[],"product_cat":[57,99,44,102,83,84],"product_tag":[],"class_list":{"0":"post-19577","1":"product","2":"type-product","3":"status-publish","4":"has-post-thumbnail","6":"product_cat-nega-lasisca","7":"product_cat-prhljaj-razdrazeno-lasisce","8":"product_cat-samponi-in-balzami","9":"product_cat-serumi-tretmaji","10":"product_cat-za-moske","11":"product_cat-proti-prhljaju","12":"desktop-align-center","13":"tablet-align-center","14":"mobile-align-center","15":"ast-product-gallery-layout-horizontal-slider","16":"ast-product-tabs-layout-horizontal","18":"first","19":"instock","20":"taxable","21":"shipping-taxable","22":"purchasable","23":"product-type-simple"},"bundled_by":[],"bundle_stock_status":"instock","bundle_stock_quantity":725,"bundle_virtual":false,"bundle_layout":"","bundle_add_to_cart_form_location":"","bundle_editable_in_cart":false,"bundle_sold_individually_context":"","bundle_item_grouping":"","bundle_min_size":"","bundle_max_size":"","bundle_price":[],"bundled_items":[],"bundle_sell_ids":[],"acf":[],"_links":{"self":[{"href":"https:\/\/theroyalaffair.eu\/sl\/wp-json\/wp\/v2\/product\/19577","targetHints":{"allow":["GET"]}}],"collection":[{"href":"https:\/\/theroyalaffair.eu\/sl\/wp-json\/wp\/v2\/product"}],"about":[{"href":"https:\/\/theroyalaffair.eu\/sl\/wp-json\/wp\/v2\/types\/product"}],"replies":[{"embeddable":true,"href":"https:\/\/theroyalaffair.eu\/sl\/wp-json\/wp\/v2\/comments?post=19577"}],"wp:featuredmedia":[{"embeddable":true,"href":"https:\/\/theroyalaffair.eu\/sl\/wp-json\/wp\/v2\/media\/19585"}],"wp:attachment":[{"href":"https:\/\/theroyalaffair.eu\/sl\/wp-json\/wp\/v2\/media?parent=19577"}],"wp:term":[{"taxonomy":"product_brand","embeddable":true,"href":"https:\/\/theroyalaffair.eu\/sl\/wp-json\/wp\/v2\/product_brand?post=19577"},{"taxonomy":"product_cat","embeddable":true,"href":"https:\/\/theroyalaffair.eu\/sl\/wp-json\/wp\/v2\/product_cat?post=19577"},{"taxonomy":"product_tag","embeddable":true,"href":"https:\/\/theroyalaffair.eu\/sl\/wp-json\/wp\/v2\/product_tag?post=19577"}],"curies":[{"name":"wp","href":"https:\/\/api.w.org\/{rel}","templated":true}]}}