
{"id":19588,"date":"2024-10-15T09:57:25","date_gmt":"2024-10-15T07:57:25","guid":{"rendered":"https:\/\/theroyalaffair.eu\/sl\/?post_type=product&#038;p=19588"},"modified":"2026-04-16T10:28:33","modified_gmt":"2026-04-16T08:28:33","slug":"flake-no-more-sprej","status":"publish","type":"product","link":"https:\/\/theroyalaffair.eu\/sl\/izdelek\/flake-no-more-sprej\/","title":{"rendered":"Flake no more Spray"},"content":{"rendered":"<p>Prhljaj je najpogostej\u0161i, kadar lasi\u0161\u010de ni ustrezno o\u010di\u0161\u010deno. Flake No More Spray je zasnovan kot dodatna pomo\u010d za ohranjanje \u010distega lasi\u0161\u010da, tudi kadar dnevno umivanje ni mogo\u010de. Spray vsebuje kombinacijo ricinusovega olja, avstralskega \u010dajevca, ro\u017emarina in eteri\u010dnega olja pomaran\u010de, ki lasi\u0161\u010de pomirijo in \u010distijo. Klimbazol in salicilna kislina u\u010dinkovito delujeta proti glivicam in pomagata prepre\u010diti nastajanje prhljaja.<\/p>\n<p>Za u\u010dinkovito nego priporo\u010damo uporabo celotne linije Flake No More:<\/p>\n<ol>\n<li><a href=\"https:\/\/theroyalaffair.eu\/sl\/izdelek\/flake-no-more-sampon\/\" target=\"_blank\" rel=\"noopener\">Flake No More Shampoo<\/a>: Za temeljito \u010di\u0161\u010denje lasi\u0161\u010da in odstranjevanje prhljaja.<\/li>\n<li>Flake No More Spray: Za podalj\u0161anje sve\u017eine in \u010disto\u010de lasi\u0161\u010da med dvema pranjema.<\/li>\n<li>Redno pranje in nega: Ko se stanje lasi\u0161\u010da izbolj\u0161a, zmanj\u0161ajte uporabo na 1-2 krat tedensko, da vzdr\u017eujete zdravo ravnovesje.<\/li>\n<\/ol>\n<p>Redna uporaba linije Flake No More bo poskrbela, da bo va\u0161e lasi\u0161\u010de vedno \u010disto, pomirjeno in brez prhljaja.<\/p>\n","protected":false},"excerpt":{"rendered":"<p>Ohranjanje sve\u017eine in \u010disto\u010de lasi\u0161\u010da med pranji.<\/p>\n<p>Flake No More Spray je posebej zasnovan za pomo\u010d pri ohranjanju \u010disto\u010de in sve\u017eine lasi\u0161\u010da med dvema pranjema. Z naravnimi sestavinami in mo\u010dno kombinacijo aktivnih snovi pomaga prepre\u010diti nastajanje prhljaja ter pomirja razdra\u017eeno lasi\u0161\u010de.<\/p>\n<p>Koli\u010dina: 50 ml<\/p>\n","protected":false},"featured_media":25837,"comment_status":"open","ping_status":"closed","template":"","meta":{"_acf_changed":false,"site-sidebar-layout":"default","site-content-layout":"","ast-site-content-layout":"default","site-content-style":"default","site-sidebar-style":"default","ast-global-header-display":"","ast-banner-title-visibility":"","ast-main-header-display":"","ast-hfb-above-header-display":"","ast-hfb-below-header-display":"","ast-hfb-mobile-header-display":"","site-post-title":"","ast-breadcrumbs-content":"","ast-featured-img":"","footer-sml-layout":"","ast-disable-related-posts":"","theme-transparent-header-meta":"default","adv-header-id-meta":"","stick-header-meta":"default","header-above-stick-meta":"","header-main-stick-meta":"","header-below-stick-meta":"","astra-migrate-meta-layouts":"set","ast-page-background-enabled":"default","ast-page-background-meta":{"desktop":{"background-color":"","background-image":"","background-repeat":"repeat","background-position":"center center","background-size":"auto","background-attachment":"scroll","background-type":"","background-media":"","overlay-type":"","overlay-color":"","overlay-opacity":"","overlay-gradient":""},"tablet":{"background-color":"","background-image":"","background-repeat":"repeat","background-position":"center center","background-size":"auto","background-attachment":"scroll","background-type":"","background-media":"","overlay-type":"","overlay-color":"","overlay-opacity":"","overlay-gradient":""},"mobile":{"background-color":"","background-image":"","background-repeat":"repeat","background-position":"center center","background-size":"auto","background-attachment":"scroll","background-type":"","background-media":"","overlay-type":"","overlay-color":"","overlay-opacity":"","overlay-gradient":""}},"ast-content-background-meta":{"desktop":{"background-color":"var(--ast-global-color-5)","background-image":"","background-repeat":"repeat","background-position":"center center","background-size":"auto","background-attachment":"scroll","background-type":"","background-media":"","overlay-type":"","overlay-color":"","overlay-opacity":"","overlay-gradient":""},"tablet":{"background-color":"var(--ast-global-color-5)","background-image":"","background-repeat":"repeat","background-position":"center center","background-size":"auto","background-attachment":"scroll","background-type":"","background-media":"","overlay-type":"","overlay-color":"","overlay-opacity":"","overlay-gradient":""},"mobile":{"background-color":"var(--ast-global-color-5)","background-image":"","background-repeat":"repeat","background-position":"center center","background-size":"auto","background-attachment":"scroll","background-type":"","background-media":"","overlay-type":"","overlay-color":"","overlay-opacity":"","overlay-gradient":""}}},"product_brand":[],"product_cat":[57,99,102,83,84],"product_tag":[],"class_list":{"0":"post-19588","1":"product","2":"type-product","3":"status-publish","4":"has-post-thumbnail","6":"product_cat-nega-lasisca","7":"product_cat-prhljaj-razdrazeno-lasisce","8":"product_cat-serumi-tretmaji","9":"product_cat-za-moske","10":"product_cat-proti-prhljaju","11":"desktop-align-center","12":"tablet-align-center","13":"mobile-align-center","14":"ast-product-gallery-layout-horizontal-slider","15":"ast-product-single-variable","16":"ast-product-tabs-layout-horizontal","18":"first","19":"instock","20":"taxable","21":"shipping-taxable","22":"purchasable","23":"product-type-variable","24":"has-default-attributes"},"bundled_by":[],"bundle_stock_status":"instock","bundle_stock_quantity":null,"bundle_virtual":false,"bundle_layout":"","bundle_add_to_cart_form_location":"","bundle_editable_in_cart":false,"bundle_sold_individually_context":"","bundle_item_grouping":"","bundle_min_size":"","bundle_max_size":"","bundle_price":[],"bundled_items":[],"bundle_sell_ids":[],"acf":[],"_links":{"self":[{"href":"https:\/\/theroyalaffair.eu\/sl\/wp-json\/wp\/v2\/product\/19588","targetHints":{"allow":["GET"]}}],"collection":[{"href":"https:\/\/theroyalaffair.eu\/sl\/wp-json\/wp\/v2\/product"}],"about":[{"href":"https:\/\/theroyalaffair.eu\/sl\/wp-json\/wp\/v2\/types\/product"}],"replies":[{"embeddable":true,"href":"https:\/\/theroyalaffair.eu\/sl\/wp-json\/wp\/v2\/comments?post=19588"}],"wp:featuredmedia":[{"embeddable":true,"href":"https:\/\/theroyalaffair.eu\/sl\/wp-json\/wp\/v2\/media\/25837"}],"wp:attachment":[{"href":"https:\/\/theroyalaffair.eu\/sl\/wp-json\/wp\/v2\/media?parent=19588"}],"wp:term":[{"taxonomy":"product_brand","embeddable":true,"href":"https:\/\/theroyalaffair.eu\/sl\/wp-json\/wp\/v2\/product_brand?post=19588"},{"taxonomy":"product_cat","embeddable":true,"href":"https:\/\/theroyalaffair.eu\/sl\/wp-json\/wp\/v2\/product_cat?post=19588"},{"taxonomy":"product_tag","embeddable":true,"href":"https:\/\/theroyalaffair.eu\/sl\/wp-json\/wp\/v2\/product_tag?post=19588"}],"curies":[{"name":"wp","href":"https:\/\/api.w.org\/{rel}","templated":true}]}}