
{"id":19594,"date":"2024-10-15T10:15:25","date_gmt":"2024-10-15T08:15:25","guid":{"rendered":"https:\/\/theroyalaffair.eu\/sl\/?post_type=product&#038;p=19594"},"modified":"2026-04-16T11:07:27","modified_gmt":"2026-04-16T09:07:27","slug":"set-flake-no-more","status":"publish","type":"product","link":"https:\/\/theroyalaffair.eu\/sl\/izdelek\/set-flake-no-more\/","title":{"rendered":"Flake No More Bundle"},"content":{"rendered":"<p>Prhljaj je posledica neravnovesja na lasi\u0161\u010du, ki se ka\u017ee z belimi kosmi\u010di odmrle ko\u017ee. Linija Flake No More je posebej zasnovana za u\u010dinkovito nego lasi\u0161\u010da s prhljajem. \u0160ampon o\u010disti in obnovi lasi\u0161\u010de, medtem ko sprej zagotavlja dolgotrajno sve\u017eino med pranji. Za optimalne rezultate uporabite oba izdelka kot del redne rutine.<\/p>\n<p>Za u\u010dinkovito nego priporo\u010damo:<\/p>\n<p>Ko je prhljaj najbolj intenziven (akuten), je priporo\u010dljivo \u010di\u0161\u010denje lasi\u0161\u010da vsaj 3-krat tedensko z Flake No More \u0161amponom. Med pranji vsak dan uporabite Flake No More sprej, ga nanesite neposredno na lasi\u0161\u010de in ne\u017eno vmasirajte.<\/p>\n<p>Ko se prhljaja znebite, se lahko vrnete na svojo obi\u010dajno rutino \u010di\u0161\u010denja lasi\u0161\u010da z va\u0161im \u0161amponom. Na\u0161e priporo\u010dilo je dvojno \u010di\u0161\u010denje lasi\u0161\u010da: najprej z Deep Cleansing \u0161amponom, nato z Gentle Cleansing ali Nourishing \u0161amponom. Flake No More \u0161ampon vklju\u010dite v rutino tako, da ga uporabite pri vsakem drugem ali tretjem pranju, da ohranite ravnovesje na lasi\u0161\u010du.<\/p>\n<p>Flake No More sprej uporabljajte po potrebi, vsakih nekaj dni, ko lasi\u0161\u010da ne umivate, za vzdr\u017eevanje sve\u017eine in za\u0161\u010dite lasi\u0161\u010da pred prhljajem.<\/p>\n","protected":false},"excerpt":{"rendered":"<p>Flake No More set je popolna re\u0161itev za nego lasi\u0161\u010da brez prhljaja. Kombinacija Flake No More \u0161ampona in spreja u\u010dinkovito odstranjuje prhljaj, pomirja razdra\u017eeno lasi\u0161\u010de ter zagotavlja dolgotrajen ob\u010dutek sve\u017eine med pranji.<\/p>\n","protected":false},"featured_media":19582,"comment_status":"open","ping_status":"closed","template":"","meta":{"_acf_changed":false,"site-sidebar-layout":"default","site-content-layout":"","ast-site-content-layout":"default","site-content-style":"default","site-sidebar-style":"default","ast-global-header-display":"","ast-banner-title-visibility":"","ast-main-header-display":"","ast-hfb-above-header-display":"","ast-hfb-below-header-display":"","ast-hfb-mobile-header-display":"","site-post-title":"","ast-breadcrumbs-content":"","ast-featured-img":"","footer-sml-layout":"","ast-disable-related-posts":"","theme-transparent-header-meta":"default","adv-header-id-meta":"","stick-header-meta":"default","header-above-stick-meta":"","header-main-stick-meta":"","header-below-stick-meta":"","astra-migrate-meta-layouts":"set","ast-page-background-enabled":"default","ast-page-background-meta":{"desktop":{"background-color":"","background-image":"","background-repeat":"repeat","background-position":"center center","background-size":"auto","background-attachment":"scroll","background-type":"","background-media":"","overlay-type":"","overlay-color":"","overlay-opacity":"","overlay-gradient":""},"tablet":{"background-color":"","background-image":"","background-repeat":"repeat","background-position":"center center","background-size":"auto","background-attachment":"scroll","background-type":"","background-media":"","overlay-type":"","overlay-color":"","overlay-opacity":"","overlay-gradient":""},"mobile":{"background-color":"","background-image":"","background-repeat":"repeat","background-position":"center center","background-size":"auto","background-attachment":"scroll","background-type":"","background-media":"","overlay-type":"","overlay-color":"","overlay-opacity":"","overlay-gradient":""}},"ast-content-background-meta":{"desktop":{"background-color":"var(--ast-global-color-5)","background-image":"","background-repeat":"repeat","background-position":"center center","background-size":"auto","background-attachment":"scroll","background-type":"","background-media":"","overlay-type":"","overlay-color":"","overlay-opacity":"","overlay-gradient":""},"tablet":{"background-color":"var(--ast-global-color-5)","background-image":"","background-repeat":"repeat","background-position":"center center","background-size":"auto","background-attachment":"scroll","background-type":"","background-media":"","overlay-type":"","overlay-color":"","overlay-opacity":"","overlay-gradient":""},"mobile":{"background-color":"var(--ast-global-color-5)","background-image":"","background-repeat":"repeat","background-position":"center center","background-size":"auto","background-attachment":"scroll","background-type":"","background-media":"","overlay-type":"","overlay-color":"","overlay-opacity":"","overlay-gradient":""}}},"product_brand":[],"product_cat":[19,84,59],"product_tag":[],"class_list":{"0":"post-19594","1":"product","2":"type-product","3":"status-publish","4":"has-post-thumbnail","6":"product_cat-paketi","7":"product_cat-proti-prhljaju","8":"product_cat-brez-kupona","9":"desktop-align-center","10":"tablet-align-center","11":"mobile-align-center","12":"ast-product-gallery-layout-horizontal-slider","13":"ast-product-tabs-layout-horizontal","15":"first","16":"instock","17":"sale","18":"taxable","19":"shipping-taxable","20":"purchasable","21":"product-type-simple"},"bundled_by":[],"bundle_stock_status":"instock","bundle_stock_quantity":8,"bundle_virtual":false,"bundle_layout":"","bundle_add_to_cart_form_location":"","bundle_editable_in_cart":false,"bundle_sold_individually_context":"","bundle_item_grouping":"","bundle_min_size":"","bundle_max_size":"","bundle_price":[],"bundled_items":[],"bundle_sell_ids":[],"acf":[],"_links":{"self":[{"href":"https:\/\/theroyalaffair.eu\/sl\/wp-json\/wp\/v2\/product\/19594","targetHints":{"allow":["GET"]}}],"collection":[{"href":"https:\/\/theroyalaffair.eu\/sl\/wp-json\/wp\/v2\/product"}],"about":[{"href":"https:\/\/theroyalaffair.eu\/sl\/wp-json\/wp\/v2\/types\/product"}],"replies":[{"embeddable":true,"href":"https:\/\/theroyalaffair.eu\/sl\/wp-json\/wp\/v2\/comments?post=19594"}],"wp:featuredmedia":[{"embeddable":true,"href":"https:\/\/theroyalaffair.eu\/sl\/wp-json\/wp\/v2\/media\/19582"}],"wp:attachment":[{"href":"https:\/\/theroyalaffair.eu\/sl\/wp-json\/wp\/v2\/media?parent=19594"}],"wp:term":[{"taxonomy":"product_brand","embeddable":true,"href":"https:\/\/theroyalaffair.eu\/sl\/wp-json\/wp\/v2\/product_brand?post=19594"},{"taxonomy":"product_cat","embeddable":true,"href":"https:\/\/theroyalaffair.eu\/sl\/wp-json\/wp\/v2\/product_cat?post=19594"},{"taxonomy":"product_tag","embeddable":true,"href":"https:\/\/theroyalaffair.eu\/sl\/wp-json\/wp\/v2\/product_tag?post=19594"}],"curies":[{"name":"wp","href":"https:\/\/api.w.org\/{rel}","templated":true}]}}