
{"id":25479,"date":"2025-05-23T16:37:11","date_gmt":"2025-05-23T14:37:11","guid":{"rendered":"https:\/\/theroyalaffair.eu\/sl\/?post_type=product&#038;p=25479"},"modified":"2026-04-16T13:48:20","modified_gmt":"2026-04-16T11:48:20","slug":"long-hair-defense","status":"publish","type":"product","link":"https:\/\/theroyalaffair.eu\/sl\/izdelek\/long-hair-defense\/","title":{"rendered":"Long Hair Defense"},"content":{"rendered":"<p>Long Hair Defense je ve\u010d kot le balzam \u2013 je za\u0161\u010ditni in obnovitveni eliksir za va\u0161e lase. Vsebuje edinstveno kombinacijo <strong>naravnih olj<\/strong>, ki \u0161\u010ditijo lase pred po\u0161kodbami in okolijskimi stresi:<\/p>\n<ul>\n<li>Olje brokolija: naravni za\u0161\u010ditni film, podoben silikonu \u2013 za sijaj brez obte\u017eitve.<\/li>\n<li>Olje malin in korenja: bogata z beta karotenom in antioksidanti, naravno \u0161\u010ditita pred UV \u017earki.<\/li>\n<li>Olje ricinusa, grozdnih pe\u0161k, jojobe, \u010drnega kima in pasjega trna: globinsko hranijo in meh\u010dajo.<\/li>\n<li>Shea maslo, pantenol in aloe vera: intenzivno vla\u017eenje in obnova.<\/li>\n<li>Proteini p\u0161enice in svile: krepijo lasno strukturo in izbolj\u0161ajo elasti\u010dnost.<\/li>\n<li>Zeleni \u010daj: mo\u010dan antioksidant, ki \u0161\u010diti pred prostimi radikali.<\/li>\n<\/ul>\n<p>Izdelek je dodatno obogaten z <strong>10 esencialnimi aminokislinami<\/strong>, ki so gradniki keratina in klju\u010dni za rast mo\u010dnih, zdravih las.<\/p>\n<p>Zahvaljujo\u010d bogati formuli in ne\u017enemu, a u\u010dinkovitemu delovanju je Long Hair Defense popolna izbira za vse, ki \u017eelijo dolge, sijo\u010de in mo\u010dne lase \u2013 brez kompromisov.<\/p>\n","protected":false},"excerpt":{"rendered":"<p>Z veseljem predstavljamo izjemen izdelek za <strong>za\u0161\u010dito, obnovo in dolgotrajno nego dolgih las<\/strong>, ki jih \u0161\u010diti pred \u0161kodljivimi zunanjimi vplivi, kot so sonce, morska sol in toplotni oblikovalci.<\/p>\n<p>Koli\u010dina: 50ml<\/p>\n","protected":false},"featured_media":26151,"comment_status":"open","ping_status":"closed","template":"","meta":{"_acf_changed":false,"site-sidebar-layout":"default","site-content-layout":"default","ast-site-content-layout":"default","site-content-style":"default","site-sidebar-style":"default","ast-global-header-display":"","ast-banner-title-visibility":"","ast-main-header-display":"","ast-hfb-above-header-display":"","ast-hfb-below-header-display":"","ast-hfb-mobile-header-display":"","site-post-title":"","ast-breadcrumbs-content":"","ast-featured-img":"","footer-sml-layout":"","ast-disable-related-posts":"","theme-transparent-header-meta":"default","adv-header-id-meta":"","stick-header-meta":"default","header-above-stick-meta":"","header-main-stick-meta":"","header-below-stick-meta":"","astra-migrate-meta-layouts":"set","ast-page-background-enabled":"default","ast-page-background-meta":{"desktop":{"background-color":"","background-image":"","background-repeat":"repeat","background-position":"center center","background-size":"auto","background-attachment":"scroll","background-type":"","background-media":"","overlay-type":"","overlay-color":"","overlay-opacity":"","overlay-gradient":""},"tablet":{"background-color":"","background-image":"","background-repeat":"repeat","background-position":"center center","background-size":"auto","background-attachment":"scroll","background-type":"","background-media":"","overlay-type":"","overlay-color":"","overlay-opacity":"","overlay-gradient":""},"mobile":{"background-color":"","background-image":"","background-repeat":"repeat","background-position":"center center","background-size":"auto","background-attachment":"scroll","background-type":"","background-media":"","overlay-type":"","overlay-color":"","overlay-opacity":"","overlay-gradient":""}},"ast-content-background-meta":{"desktop":{"background-color":"var(--ast-global-color-5)","background-image":"","background-repeat":"repeat","background-position":"center center","background-size":"auto","background-attachment":"scroll","background-type":"","background-media":"","overlay-type":"","overlay-color":"","overlay-opacity":"","overlay-gradient":""},"tablet":{"background-color":"var(--ast-global-color-5)","background-image":"","background-repeat":"repeat","background-position":"center center","background-size":"auto","background-attachment":"scroll","background-type":"","background-media":"","overlay-type":"","overlay-color":"","overlay-opacity":"","overlay-gradient":""},"mobile":{"background-color":"var(--ast-global-color-5)","background-image":"","background-repeat":"repeat","background-position":"center center","background-size":"auto","background-attachment":"scroll","background-type":"","background-media":"","overlay-type":"","overlay-color":"","overlay-opacity":"","overlay-gradient":""}}},"product_brand":[],"product_cat":[39,97,96],"product_tag":[],"class_list":{"0":"post-25479","1":"product","2":"type-product","3":"status-publish","4":"has-post-thumbnail","6":"product_cat-olje-za-lase","7":"product_cat-styling","8":"product_cat-premium-izdelki","9":"desktop-align-center","10":"tablet-align-center","11":"mobile-align-center","12":"ast-product-gallery-layout-horizontal-slider","13":"ast-product-single-variable","14":"ast-product-tabs-layout-horizontal","16":"first","17":"instock","18":"taxable","19":"shipping-taxable","20":"purchasable","21":"product-type-variable","22":"has-default-attributes"},"bundled_by":[],"bundle_stock_status":"instock","bundle_stock_quantity":null,"bundle_virtual":false,"bundle_layout":"","bundle_add_to_cart_form_location":"","bundle_editable_in_cart":false,"bundle_sold_individually_context":"","bundle_item_grouping":"","bundle_min_size":"","bundle_max_size":"","bundle_price":[],"bundled_items":[],"bundle_sell_ids":[],"acf":[],"_links":{"self":[{"href":"https:\/\/theroyalaffair.eu\/sl\/wp-json\/wp\/v2\/product\/25479","targetHints":{"allow":["GET"]}}],"collection":[{"href":"https:\/\/theroyalaffair.eu\/sl\/wp-json\/wp\/v2\/product"}],"about":[{"href":"https:\/\/theroyalaffair.eu\/sl\/wp-json\/wp\/v2\/types\/product"}],"replies":[{"embeddable":true,"href":"https:\/\/theroyalaffair.eu\/sl\/wp-json\/wp\/v2\/comments?post=25479"}],"wp:featuredmedia":[{"embeddable":true,"href":"https:\/\/theroyalaffair.eu\/sl\/wp-json\/wp\/v2\/media\/26151"}],"wp:attachment":[{"href":"https:\/\/theroyalaffair.eu\/sl\/wp-json\/wp\/v2\/media?parent=25479"}],"wp:term":[{"taxonomy":"product_brand","embeddable":true,"href":"https:\/\/theroyalaffair.eu\/sl\/wp-json\/wp\/v2\/product_brand?post=25479"},{"taxonomy":"product_cat","embeddable":true,"href":"https:\/\/theroyalaffair.eu\/sl\/wp-json\/wp\/v2\/product_cat?post=25479"},{"taxonomy":"product_tag","embeddable":true,"href":"https:\/\/theroyalaffair.eu\/sl\/wp-json\/wp\/v2\/product_tag?post=25479"}],"curies":[{"name":"wp","href":"https:\/\/api.w.org\/{rel}","templated":true}]}}