
{"id":29578,"date":"2025-09-12T19:03:57","date_gmt":"2025-09-12T17:03:57","guid":{"rendered":"https:\/\/theroyalaffair.eu\/sl\/?post_type=product&#038;p=29578"},"modified":"2026-03-17T14:25:18","modified_gmt":"2026-03-17T13:25:18","slug":"svilena-kapica","status":"publish","type":"product","link":"https:\/\/theroyalaffair.eu\/sl\/izdelek\/svilena-kapica\/","title":{"rendered":"Sleep in Silk"},"content":{"rendered":"<p>Predstavljamo vam svileno kapico Sleep in Silk \u2013 razko\u0161en, a nujen dodatek k va\u0161i lepotni rutini. Kapica je izdelana iz najfinej\u0161e svile Mulberry, ki je znana po svoji izjemni gladkosti, naravnem sijaju in ne\u017enem stiku s ko\u017eo.<\/p>\n<p>Po dolgem testiranju in premisleku smo se odlo\u010dili za enoslojno kapico, saj ta zagotavlja najbolj\u0161e ravnovesje med za\u0161\u010dito in udobjem. Enoslojna svila diha, je lahkotna in ne obte\u017ei las, hkrati pa nudi popolno za\u0161\u010dito pred lomljenjem in izsu\u0161itvijo.<\/p>\n<p>Svilena kapica ni modni kos, ampak nepogre\u0161ljiv pripomo\u010dek za vse, ki \u017eelite ohraniti zdrave, sijo\u010de in mo\u010dne lase \u2013 tudi pono\u010di.<\/p>\n","protected":false},"excerpt":{"rendered":"<p>S svileno kapico Sleep in Silk boste svojim lasem zagotovili optimalno za\u0161\u010dito in razko\u0161no udobje med spanjem. Izdelana je iz naravne svile Mulberry in oblikovana v Sloveniji, zasnovana pa je z mislijo na nego las, ki zahteva ve\u010d kot le dnevno rutino.<\/p>\n<p>Kapica je pakirana v elegantni darilni embala\u017ei.<\/p>\n","protected":false},"featured_media":29579,"comment_status":"open","ping_status":"closed","template":"","meta":{"_acf_changed":false,"site-sidebar-layout":"default","site-content-layout":"","ast-site-content-layout":"default","site-content-style":"default","site-sidebar-style":"default","ast-global-header-display":"","ast-banner-title-visibility":"","ast-main-header-display":"","ast-hfb-above-header-display":"","ast-hfb-below-header-display":"","ast-hfb-mobile-header-display":"","site-post-title":"","ast-breadcrumbs-content":"","ast-featured-img":"","footer-sml-layout":"","ast-disable-related-posts":"","theme-transparent-header-meta":"default","adv-header-id-meta":"","stick-header-meta":"default","header-above-stick-meta":"","header-main-stick-meta":"","header-below-stick-meta":"","astra-migrate-meta-layouts":"set","ast-page-background-enabled":"default","ast-page-background-meta":{"desktop":{"background-color":"","background-image":"","background-repeat":"repeat","background-position":"center center","background-size":"auto","background-attachment":"scroll","background-type":"","background-media":"","overlay-type":"","overlay-color":"","overlay-opacity":"","overlay-gradient":""},"tablet":{"background-color":"","background-image":"","background-repeat":"repeat","background-position":"center center","background-size":"auto","background-attachment":"scroll","background-type":"","background-media":"","overlay-type":"","overlay-color":"","overlay-opacity":"","overlay-gradient":""},"mobile":{"background-color":"","background-image":"","background-repeat":"repeat","background-position":"center center","background-size":"auto","background-attachment":"scroll","background-type":"","background-media":"","overlay-type":"","overlay-color":"","overlay-opacity":"","overlay-gradient":""}},"ast-content-background-meta":{"desktop":{"background-color":"var(--ast-global-color-5)","background-image":"","background-repeat":"repeat","background-position":"center center","background-size":"auto","background-attachment":"scroll","background-type":"","background-media":"","overlay-type":"","overlay-color":"","overlay-opacity":"","overlay-gradient":""},"tablet":{"background-color":"var(--ast-global-color-5)","background-image":"","background-repeat":"repeat","background-position":"center center","background-size":"auto","background-attachment":"scroll","background-type":"","background-media":"","overlay-type":"","overlay-color":"","overlay-opacity":"","overlay-gradient":""},"mobile":{"background-color":"var(--ast-global-color-5)","background-image":"","background-repeat":"repeat","background-position":"center center","background-size":"auto","background-attachment":"scroll","background-type":"","background-media":"","overlay-type":"","overlay-color":"","overlay-opacity":"","overlay-gradient":""}}},"product_brand":[],"product_cat":[58,59],"product_tag":[95],"class_list":{"0":"post-29578","1":"product","2":"type-product","3":"status-publish","4":"has-post-thumbnail","6":"product_cat-dodatki","7":"product_cat-brez-kupona","8":"product_tag-ni-na-voljo","9":"desktop-align-center","10":"tablet-align-center","11":"mobile-align-center","12":"ast-product-gallery-layout-horizontal-slider","13":"ast-product-tabs-layout-horizontal","15":"first","16":"outofstock","17":"taxable","18":"shipping-taxable","19":"purchasable","20":"product-type-simple"},"bundled_by":[],"bundle_stock_status":"outofstock","bundle_stock_quantity":0,"bundle_virtual":false,"bundle_layout":"","bundle_add_to_cart_form_location":"","bundle_editable_in_cart":false,"bundle_sold_individually_context":"","bundle_item_grouping":"","bundle_min_size":"","bundle_max_size":"","bundle_price":[],"bundled_items":[],"bundle_sell_ids":[],"acf":[],"_links":{"self":[{"href":"https:\/\/theroyalaffair.eu\/sl\/wp-json\/wp\/v2\/product\/29578","targetHints":{"allow":["GET"]}}],"collection":[{"href":"https:\/\/theroyalaffair.eu\/sl\/wp-json\/wp\/v2\/product"}],"about":[{"href":"https:\/\/theroyalaffair.eu\/sl\/wp-json\/wp\/v2\/types\/product"}],"replies":[{"embeddable":true,"href":"https:\/\/theroyalaffair.eu\/sl\/wp-json\/wp\/v2\/comments?post=29578"}],"wp:featuredmedia":[{"embeddable":true,"href":"https:\/\/theroyalaffair.eu\/sl\/wp-json\/wp\/v2\/media\/29579"}],"wp:attachment":[{"href":"https:\/\/theroyalaffair.eu\/sl\/wp-json\/wp\/v2\/media?parent=29578"}],"wp:term":[{"taxonomy":"product_brand","embeddable":true,"href":"https:\/\/theroyalaffair.eu\/sl\/wp-json\/wp\/v2\/product_brand?post=29578"},{"taxonomy":"product_cat","embeddable":true,"href":"https:\/\/theroyalaffair.eu\/sl\/wp-json\/wp\/v2\/product_cat?post=29578"},{"taxonomy":"product_tag","embeddable":true,"href":"https:\/\/theroyalaffair.eu\/sl\/wp-json\/wp\/v2\/product_tag?post=29578"}],"curies":[{"name":"wp","href":"https:\/\/api.w.org\/{rel}","templated":true}]}}